{"id":38,"date":"2018-05-07T12:39:23","date_gmt":"2018-05-07T12:39:23","guid":{"rendered":"http:\/\/impertix.com.br\/impermeabilizacao\/?page_id=38"},"modified":"2021-12-18T13:19:53","modified_gmt":"2021-12-18T13:19:53","slug":"dicas-de-impermeabilizacao","status":"publish","type":"page","link":"https:\/\/impertix.com.br\/impermeabilizacao\/dicas-de-impermeabilizacao\/","title":{"rendered":"Dicas de Impermeabiliza\u00e7\u00e3o"},"content":{"rendered":"<p>A <a href=\"http:\/\/impertix.com.br\/impermeabilizacao\/\"><strong>ImperTix<\/strong> <\/a>\u00e9 especializada em Impermeabiliza\u00e7\u00e3o!<br \/>\nE selecionou algumas otimas dicas, de nossos fornecedores, para que voc\u00ea possa impermeabilizar de modo ainda mais eficiente, prolongando a vida \u00fatil de sua constru\u00e7\u00e3o!<\/p>\n<hr \/>\n<div class=\"su-spoiler su-spoiler-style-fancy su-spoiler-icon-arrow su-spoiler-closed\" data-scroll-offset=\"0\" data-anchor-in-url=\"no\"><div class=\"su-spoiler-title\" tabindex=\"0\" role=\"button\"><span class=\"su-spoiler-icon\"><\/span>Por que Impermeabilizar? <\/div><div class=\"su-spoiler-content su-u-clearfix su-u-trim\">\n<p>Muitos motivos poderiam ser citados para impermeabiliza\u00e7\u00f5es, n\u00e3o s\u00f3 como corre\u00e7\u00e3o, mas como prote\u00e7\u00e3o para pr\u00e9dios residenciais, condom\u00ednios ou pr\u00e9dios industriais.<br \/>\nDentre eles pode-se destacar:<br \/>\nMaior salubridade para o ambiente.<br \/>\nGarantia de longevidade da estrutura e, respectivamente, a seguran\u00e7a estrutural da sua constru\u00e7\u00e3o.<br \/>\nAdemais, sai muito mais barato prevenir impermeabilizando, que corrigir apos o problema instalado por falta de adequada prote\u00e7\u00e3o.<br \/>\nN\u00e3o deixe o problema aparecer: impermeabilize preventivamente lajes, caixas d&#8217;\u00e1gua, reservat\u00f3rios, piscina, paredes, rodap\u00e9s, muros e demais componentes da sua constru\u00e7\u00e3o!<\/p>\n<hr \/>\n<p><strong><a href=\"http:\/\/impertix.com.br\/impermeabilizacao\/orcamentos\/\">Fale com a Impertix e descubra o melhor impermeabilizante para prevenir ou corrigir problemas na sua constru\u00e7\u00e3o!<\/a><\/strong><\/p>\n<\/div><\/div>\n<div class=\"su-spoiler su-spoiler-style-fancy su-spoiler-icon-arrow su-spoiler-closed\" data-scroll-offset=\"0\" data-anchor-in-url=\"no\"><div class=\"su-spoiler-title\" tabindex=\"0\" role=\"button\"><span class=\"su-spoiler-icon\"><\/span>Para cada problema, uma solu\u00e7\u00e3o diferente!<\/div><div class=\"su-spoiler-content su-u-clearfix su-u-trim\">\n<p>Um diagn\u00f3stico bem feito \u00e9 o primeiro passo para que um rem\u00e9dio d\u00ea o efeito esperado! Assim tamb\u00e9m \u00e9 na hora de impermeabilizar: primeiramente, tenha em mente qual \u00e1rea necessita impermeabilizar e suas caracter\u00edsticas!<br \/>\nPor exemplo:<br \/>\nNas paredes externas impermeabilize o reboco.<br \/>\nNas paredes internas, d\u00ea aten\u00e7\u00e3o especial para lajes, cozinha, banheiro e \u00e1rea de servi\u00e7o.<br \/>\nN\u00e3o se esque\u00e7a de impermeabilizar as vigas dos alicerces, ou &#8220;baldrames&#8221;, evitando assim a chamada \u201cumidade ascendente\u201d, que surge nos rodap\u00e9s e sobe pelas paredes, provocada pela umidade do solo.<\/p>\n<hr \/>\n<p><strong><a href=\"http:\/\/impertix.com.br\/impermeabilizacao\/orcamentos\/\">Fale com a Impertix e descubra o melhor impermeabilizante para prevenir ou corrigir problemas na sua constru\u00e7\u00e3o!<\/a><\/strong><\/p>\n<\/div><\/div>\n<div class=\"su-spoiler su-spoiler-style-fancy su-spoiler-icon-arrow su-spoiler-closed\" data-scroll-offset=\"0\" data-anchor-in-url=\"no\"><div class=\"su-spoiler-title\" tabindex=\"0\" role=\"button\"><span class=\"su-spoiler-icon\"><\/span>Geografia importa na sua impermeabiliza\u00e7\u00e3o!<\/div><div class=\"su-spoiler-content su-u-clearfix su-u-trim\">Fique atento a sua regi\u00e3o: havendo maior umidade, opte por produtos de secagem r\u00e1pida, ou sistemas que n\u00e3o necessitem de secagem como, por exemplo, a manta asf\u00e1ltica \u2013 evita que o impermeabilizante seja \u201clavado\u201d pelas chuvas!<\/p>\n<hr \/>\n<p><strong><a href=\"http:\/\/impertix.com.br\/impermeabilizacao\/orcamentos\/\">Fale com a Impertix e descubra o melhor impermeabilizante para prevenir ou corrigir problemas na sua constru\u00e7\u00e3o!<\/a><\/strong><\/p>\n<div class=\"su-spoiler su-spoiler-style-fancy su-spoiler-icon-arrow su-spoiler-closed\" data-scroll-offset=\"0\" data-anchor-in-url=\"no\"><div class=\"su-spoiler-title\" tabindex=\"0\" role=\"button\"><span class=\"su-spoiler-icon\"><\/span>Planeje e acompanhe a sua impermeabiliza\u00e7\u00e3o!<\/div><div class=\"su-spoiler-content su-u-clearfix su-u-trim\"><\/div><\/div>Ao trocar antena ou tubula\u00e7\u00e3o em regi\u00f5es impermeabilizadas, \u00e9 necess\u00e1rio que a a\u00e7\u00e3o seja muito bem planejada para n\u00e3o interferir no sistema aplicado.<br \/>\nSe ocorrer algum contratempo, providencie o quanto antes o reparo para garantir a estanqueidade.<\/div><\/div>\n<div class=\"su-spoiler su-spoiler-style-fancy su-spoiler-icon-arrow su-spoiler-closed\" data-scroll-offset=\"0\" data-anchor-in-url=\"no\"><div class=\"su-spoiler-title\" tabindex=\"0\" role=\"button\"><span class=\"su-spoiler-icon\"><\/span>Manuten\u00e7\u00e3o peri\u00f3dica \u00e9 a chave para estruturas saud\u00e1veis!<\/div><div class=\"su-spoiler-content su-u-clearfix su-u-trim\">Alem de usar produtos corretos e de alta qualidade, n\u00e3o esque\u00e7a de programar manuten\u00e7\u00e3o peri\u00f3dica das superf\u00edcies.<br \/>\nAo primeiro sinal de problema, haja com rapidez para evitar danos maiores.<br \/>\nImpermeabilizar preventivamente assegura a seguran\u00e7a estrutural por baixo custo.<\/p>\n<hr \/>\n<p><strong><a href=\"http:\/\/impertix.com.br\/impermeabilizacao\/orcamentos\/\">Fale com a Impertix e descubra o melhor impermeabilizante para prevenir ou corrigir problemas na sua constru\u00e7\u00e3o<\/a><\/strong><a href=\"http:\/\/impertix.com.br\/impermeabilizacao\/orcamentos\/\">!<\/a> <\/div><\/div>\n<div class=\"su-spoiler su-spoiler-style-fancy su-spoiler-icon-arrow su-spoiler-closed\" data-scroll-offset=\"0\" data-anchor-in-url=\"no\"><div class=\"su-spoiler-title\" tabindex=\"0\" role=\"button\"><span class=\"su-spoiler-icon\"><\/span>Qual impermeabilizante indicado para piscina?<\/div><div class=\"su-spoiler-content su-u-clearfix su-u-trim\">Antes de escolher um impermeabilizante para piscina, \u00e9 importante identificar a caracter\u00edstica da constru\u00e7\u00e3o, por exemplo: se \u00e9 uma piscina enterrada ou elevada. E ainda o tipo de revestimento.<br \/>\nTais vari\u00e1veis s\u00e3o determinantes para a escolha do melhor produto para conter reparar ou prevenir problemas em piscinas.<br \/>\nO mesmo crit\u00e9rio se aplica a reservat\u00f3rios.<\/p>\n<hr \/>\n<p><strong><a href=\"http:\/\/impertix.com.br\/impermeabilizacao\/orcamentos\/\">Fale com a Impertix e descubra o melhor impermeabilizante para prevenir ou corrigir problemas na sua constru\u00e7\u00e3o!<\/a><\/strong><\/div><\/div>\n<div class=\"su-spoiler su-spoiler-style-fancy su-spoiler-icon-arrow su-spoiler-closed\" data-scroll-offset=\"0\" data-anchor-in-url=\"no\"><div class=\"su-spoiler-title\" tabindex=\"0\" role=\"button\"><span class=\"su-spoiler-icon\"><\/span>Como corrigir manchas de umidade no reboco?<\/div><div class=\"su-spoiler-content su-u-clearfix su-u-trim\">Muito comum especialmente em regi\u00e7oes com maior \u00edndice de umidade, se ter procura por produtos para remover manchas em reboco, tinta ou revestimento de paredes.<br \/>\nAntes de mais nada \u00e9 preciso identificar o poss\u00edvel problema de umidade:<br \/>\nse \u00e9 infiltra\u00e7\u00e3o ou umidade ascendente.<br \/>\nEm casos de reboco esfarelando a corre\u00e7\u00e3o do problema envolve remover o reboco at\u00e9 alcan\u00e7ar a base da alvenaria e ali entao aplicar-se o impermeabilizante indicado.<br \/>\nCaso ainda haja integridade do reboco, sem o esfarelamento caracter\u00edstico, a aplica\u00e7\u00e3o do produto pode ser feita diretamente sobre o reboco, que deve ser previamente limpo e lixado superficialmente antes de qualquer aplica\u00e7\u00e3o.<\/p>\n<hr \/>\n<p><strong><a href=\"http:\/\/impertix.com.br\/impermeabilizacao\/orcamentos\/\">Fale com a Impertix e descubra o melhor impermeabilizante para prevenir ou corrigir problemas na sua constru\u00e7\u00e3o!<\/a><\/strong><\/p>\n<\/div><\/div>\n<p><em>Fonte: intertextos extra\u00eddo dos sites de nossos fornecedores.<\/em><\/p>\n\t\t<div id=\"instagram-gallery-feed-2\" class=\"instagram-gallery-feed\" data-feed=\"{&quot;id&quot;:2,&quot;account_id&quot;:&quot;17841444970667114&quot;,&quot;source&quot;:&quot;username&quot;,&quot;tag&quot;:&quot;wordpress&quot;,&quot;order_by&quot;:&quot;top_media&quot;,&quot;layout&quot;:&quot;carousel&quot;,&quot;limit&quot;:50,&quot;columns&quot;:3,&quot;lazy&quot;:false,&quot;spacing&quot;:10,&quot;highlight&quot;:{&quot;tag&quot;:&quot;&quot;,&quot;id&quot;:&quot;&quot;,&quot;position&quot;:&quot;1,3,5&quot;},&quot;reel&quot;:{&quot;hide&quot;:false},&quot;copyright&quot;:{&quot;hide&quot;:false,&quot;placeholder&quot;:&quot;&quot;},&quot;profile&quot;:{&quot;display&quot;:false,&quot;auto&quot;:false,&quot;username&quot;:&quot;&quot;,&quot;nickname&quot;:&quot;&quot;,&quot;website&quot;:&quot;&quot;,&quot;biography&quot;:&quot;&quot;,&quot;link_text&quot;:&quot;Follow&quot;,&quot;website_text&quot;:&quot;Website&quot;,&quot;avatar&quot;:&quot;&quot;},&quot;box&quot;:{&quot;display&quot;:false,&quot;padding&quot;:1,&quot;radius&quot;:0,&quot;background&quot;:&quot;#fefefe&quot;,&quot;profile&quot;:false,&quot;desc&quot;:&quot;&quot;,&quot;text_color&quot;:&quot;#000000&quot;},&quot;mask&quot;:{&quot;display&quot;:true,&quot;background&quot;:&quot;#000000&quot;,&quot;likes_count&quot;:true,&quot;comments_count&quot;:true},&quot;card&quot;:{&quot;display&quot;:false,&quot;radius&quot;:1,&quot;font_size&quot;:12,&quot;background&quot;:&quot;#ffffff&quot;,&quot;background_hover&quot;:&quot;#ffffff&quot;,&quot;text_color&quot;:&quot;#000000&quot;,&quot;padding&quot;:5,&quot;likes_count&quot;:true,&quot;text_length&quot;:10,&quot;comments_count&quot;:true,&quot;text_align&quot;:&quot;left&quot;},&quot;carousel&quot;:{&quot;slidespv&quot;:4,&quot;centered_slides&quot;:false,&quot;autoplay&quot;:false,&quot;autoplay_interval&quot;:3000,&quot;navarrows&quot;:true,&quot;navarrows_color&quot;:&quot;&quot;,&quot;pagination&quot;:true,&quot;pagination_color&quot;:&quot;&quot;},&quot;modal&quot;:{&quot;display&quot;:true,&quot;profile&quot;:false,&quot;media_description&quot;:true,&quot;likes_count&quot;:true,&quot;comments_count&quot;:true,&quot;text_align&quot;:&quot;left&quot;,&quot;modal_align&quot;:&quot;right&quot;,&quot;text_length&quot;:10000,&quot;font_size&quot;:12},&quot;button&quot;:{&quot;display&quot;:true,&quot;text&quot;:&quot;View on Instagram&quot;,&quot;text_color&quot;:&quot;#ffff&quot;,&quot;background&quot;:&quot;&quot;,&quot;background_hover&quot;:&quot;&quot;},&quot;button_load&quot;:{&quot;display&quot;:false,&quot;text&quot;:&quot;Load more...&quot;,&quot;text_color&quot;:&quot;#ffff&quot;,&quot;background&quot;:&quot;&quot;,&quot;background_hover&quot;:&quot;&quot;}}\">\n\t\t<!-- <FeedContainer\/> -->\n\t\t<\/div>\n\t\t\n<figure id=\"attachment_625\" aria-describedby=\"caption-attachment-625\" style=\"width: 1920px\" class=\"wp-caption aligncenter\"><img loading=\"lazy\" decoding=\"async\" class=\"size-full wp-image-625\" src=\"http:\/\/impertix.com.br\/impermeabilizacao\/wp-content\/uploads\/2018\/05\/slides_chuva.jpg\" alt=\"Impermeabilizantes Impertix\" width=\"1920\" height=\"720\" srcset=\"https:\/\/impertix.com.br\/impermeabilizacao\/wp-content\/uploads\/2018\/05\/slides_chuva.jpg 1920w, https:\/\/impertix.com.br\/impermeabilizacao\/wp-content\/uploads\/2018\/05\/slides_chuva-400x150.jpg 400w, https:\/\/impertix.com.br\/impermeabilizacao\/wp-content\/uploads\/2018\/05\/slides_chuva-768x288.jpg 768w, https:\/\/impertix.com.br\/impermeabilizacao\/wp-content\/uploads\/2018\/05\/slides_chuva-1024x384.jpg 1024w\" sizes=\"auto, (max-width: 1920px) 100vw, 1920px\" \/><figcaption id=\"caption-attachment-625\" class=\"wp-caption-text\">Impermeabilizantes Impertix<\/figcaption><\/figure>\n","protected":false},"excerpt":{"rendered":"<p>A ImperTix \u00e9 especializada em Impermeabiliza\u00e7\u00e3o! E selecionou algumas otimas dicas, de nossos fornecedores, para que voc\u00ea possa impermeabilizar de modo ainda mais eficiente, prolongando a vida \u00fatil de sua constru\u00e7\u00e3o! Fonte: intertextos extra\u00eddo dos sites de nossos fornecedores.<\/p>\n","protected":false},"author":1,"featured_media":0,"parent":0,"menu_order":0,"comment_status":"closed","ping_status":"closed","template":"","meta":{"om_disable_all_campaigns":false,"_monsterinsights_skip_tracking":false,"_monsterinsights_sitenote_active":false,"_monsterinsights_sitenote_note":"","_monsterinsights_sitenote_category":0,"footnotes":"","_links_to":"","_links_to_target":""},"class_list":["post-38","page","type-page","status-publish","hentry"],"aioseo_notices":[],"_links":{"self":[{"href":"https:\/\/impertix.com.br\/impermeabilizacao\/wp-json\/wp\/v2\/pages\/38","targetHints":{"allow":["GET"]}}],"collection":[{"href":"https:\/\/impertix.com.br\/impermeabilizacao\/wp-json\/wp\/v2\/pages"}],"about":[{"href":"https:\/\/impertix.com.br\/impermeabilizacao\/wp-json\/wp\/v2\/types\/page"}],"author":[{"embeddable":true,"href":"https:\/\/impertix.com.br\/impermeabilizacao\/wp-json\/wp\/v2\/users\/1"}],"replies":[{"embeddable":true,"href":"https:\/\/impertix.com.br\/impermeabilizacao\/wp-json\/wp\/v2\/comments?post=38"}],"version-history":[{"count":18,"href":"https:\/\/impertix.com.br\/impermeabilizacao\/wp-json\/wp\/v2\/pages\/38\/revisions"}],"predecessor-version":[{"id":1083,"href":"https:\/\/impertix.com.br\/impermeabilizacao\/wp-json\/wp\/v2\/pages\/38\/revisions\/1083"}],"wp:attachment":[{"href":"https:\/\/impertix.com.br\/impermeabilizacao\/wp-json\/wp\/v2\/media?parent=38"}],"curies":[{"name":"wp","href":"https:\/\/api.w.org\/{rel}","templated":true}]}}