{"id":34,"date":"2018-05-07T12:38:50","date_gmt":"2018-05-07T12:38:50","guid":{"rendered":"http:\/\/impertix.com.br\/impermeabilizacao\/?page_id=34"},"modified":"2020-03-20T21:13:29","modified_gmt":"2020-03-20T21:13:29","slug":"entregas-em-todo-brasil","status":"publish","type":"page","link":"https:\/\/impertix.com.br\/impermeabilizacao\/entregas-em-todo-brasil\/","title":{"rendered":"Entregas em todo Brasil"},"content":{"rendered":"<p>Entregamos em todo o Brasil, via transportadora, em formato FOB, ou via Correios.<br \/>\n<a href=\"http:\/\/impertix.com.br\/impermeabilizacao\/orcamentos\/\">Clique aqui fale conosco, escolha a forma de pagamento e receba r\u00e1pido o seu produto no seu endere\u00e7o<\/a>!<\/p>\n<hr \/>\n<p><img loading=\"lazy\" decoding=\"async\" class=\"aligncenter wp-image-964 size-full\" src=\"https:\/\/impertix.com.br\/impermeabilizacao\/wp-content\/uploads\/2020\/03\/entregas33.png\" alt=\"\" width=\"776\" height=\"269\" srcset=\"https:\/\/impertix.com.br\/impermeabilizacao\/wp-content\/uploads\/2020\/03\/entregas33.png 776w, https:\/\/impertix.com.br\/impermeabilizacao\/wp-content\/uploads\/2020\/03\/entregas33-400x139.png 400w, https:\/\/impertix.com.br\/impermeabilizacao\/wp-content\/uploads\/2020\/03\/entregas33-768x266.png 768w\" sizes=\"auto, (max-width: 776px) 100vw, 776px\" \/><\/p>\n<hr \/>\n<div class=\"su-spoiler su-spoiler-style-fancy su-spoiler-icon-arrow su-spoiler-closed\" data-scroll-offset=\"0\" data-anchor-in-url=\"no\"><div class=\"su-spoiler-title\" tabindex=\"0\" role=\"button\"><span class=\"su-spoiler-icon\"><\/span>Vendas com Consultoria T\u00e9cnica:<\/div><div class=\"su-spoiler-content su-u-clearfix su-u-trim\">Somos reconhecidos atendimento diferenciado, disponibilizamos vendas com consultoria t\u00e9cnica qualificada, com equipes de vendas treinada para fornecer assessoria em projeto e especifica\u00e7\u00e3o.<br \/>\n<\/div><\/div>\n<div class=\"su-spoiler su-spoiler-style-fancy su-spoiler-icon-arrow su-spoiler-closed\" data-scroll-offset=\"0\" data-anchor-in-url=\"no\"><div class=\"su-spoiler-title\" tabindex=\"0\" role=\"button\"><span class=\"su-spoiler-icon\"><\/span>Produtos de Alta Qualidade:<\/div><div class=\"su-spoiler-content su-u-clearfix su-u-trim\">Trabalhamos com produtos t\u00e9cnicos de qualidade, fornecidos pelas melhores empresas do setor, com cat\u00e1logo selecionado por nossos engenheiros.<br \/>\n<\/div><\/div>\n<div class=\"su-spoiler su-spoiler-style-fancy su-spoiler-icon-arrow su-spoiler-closed\" data-scroll-offset=\"0\" data-anchor-in-url=\"no\"><div class=\"su-spoiler-title\" tabindex=\"0\" role=\"button\"><span class=\"su-spoiler-icon\"><\/span>Agilidade em entregas para todo o Brasil:<\/div><div class=\"su-spoiler-content su-u-clearfix su-u-trim\">Com localiza\u00e7\u00e3o estrat\u00e9gica, nos destacamos pela agilidade na entrega, com entregas para todo Brasil via transportadora em formato FOB (ou Correios) para todas as cidades.<br \/>\nEm Londrina e regi\u00e3o existe a possibilidade de nosso sistema pr\u00f3prio de entregas.<br \/>\n<\/div><\/div>\n<div class=\"su-spoiler su-spoiler-style-fancy su-spoiler-icon-arrow su-spoiler-closed\" data-scroll-offset=\"0\" data-anchor-in-url=\"no\"><div class=\"su-spoiler-title\" tabindex=\"0\" role=\"button\"><span class=\"su-spoiler-icon\"><\/span>Amplo estoque para pronta entrega:<\/div><div class=\"su-spoiler-content su-u-clearfix su-u-trim\">Temos amplo estoque que permite pronta entrega de todos os \u00edtens de nosso cat\u00e1logo, incluindo impermeabilizantes e produtos t\u00e9cnicos.<\/div><\/div>\n<div class=\"su-spoiler su-spoiler-style-fancy su-spoiler-icon-arrow su-spoiler-closed\" data-scroll-offset=\"0\" data-anchor-in-url=\"no\"><div class=\"su-spoiler-title\" tabindex=\"0\" role=\"button\"><span class=\"su-spoiler-icon\"><\/span>Excel\u00eancia de Atendimento:<\/div><div class=\"su-spoiler-content su-u-clearfix su-u-trim\"> Com loja f\u00edsica e amplo dep\u00f3sito, em endere\u00e7os estrat\u00e9gicos, disponibilizamos atendimento online atrav\u00e9s de nosso site e sistema de televendas com equipe treinada e apta em fornecer consultoria t\u00e9cnica de todo o nosso mix de produtos..<\/div><\/div>\n<hr \/>\n","protected":false},"excerpt":{"rendered":"<p>Entregamos em todo o Brasil, via transportadora, em formato FOB, ou via Correios. Clique aqui fale conosco, escolha a forma de pagamento e receba r\u00e1pido o seu produto no seu endere\u00e7o!<\/p>\n","protected":false},"author":1,"featured_media":0,"parent":0,"menu_order":0,"comment_status":"closed","ping_status":"closed","template":"","meta":{"om_disable_all_campaigns":false,"_monsterinsights_skip_tracking":false,"_monsterinsights_sitenote_active":false,"_monsterinsights_sitenote_note":"","_monsterinsights_sitenote_category":0,"footnotes":"","_links_to":"","_links_to_target":""},"class_list":["post-34","page","type-page","status-publish","hentry"],"aioseo_notices":[],"_links":{"self":[{"href":"https:\/\/impertix.com.br\/impermeabilizacao\/wp-json\/wp\/v2\/pages\/34","targetHints":{"allow":["GET"]}}],"collection":[{"href":"https:\/\/impertix.com.br\/impermeabilizacao\/wp-json\/wp\/v2\/pages"}],"about":[{"href":"https:\/\/impertix.com.br\/impermeabilizacao\/wp-json\/wp\/v2\/types\/page"}],"author":[{"embeddable":true,"href":"https:\/\/impertix.com.br\/impermeabilizacao\/wp-json\/wp\/v2\/users\/1"}],"replies":[{"embeddable":true,"href":"https:\/\/impertix.com.br\/impermeabilizacao\/wp-json\/wp\/v2\/comments?post=34"}],"version-history":[{"count":8,"href":"https:\/\/impertix.com.br\/impermeabilizacao\/wp-json\/wp\/v2\/pages\/34\/revisions"}],"predecessor-version":[{"id":972,"href":"https:\/\/impertix.com.br\/impermeabilizacao\/wp-json\/wp\/v2\/pages\/34\/revisions\/972"}],"wp:attachment":[{"href":"https:\/\/impertix.com.br\/impermeabilizacao\/wp-json\/wp\/v2\/media?parent=34"}],"curies":[{"name":"wp","href":"https:\/\/api.w.org\/{rel}","templated":true}]}}