{"id":30,"date":"2018-05-07T12:37:32","date_gmt":"2018-05-07T12:37:32","guid":{"rendered":"http:\/\/impertix.com.br\/impermeabilizacao\/?page_id=30"},"modified":"2020-03-10T16:04:49","modified_gmt":"2020-03-10T16:04:49","slug":"outros-produtos","status":"publish","type":"page","link":"https:\/\/impertix.com.br\/impermeabilizacao\/outros-produtos\/","title":{"rendered":"Outros Produtos"},"content":{"rendered":"<p><strong>Clique nos t\u00f3picos abaixo para conhecer a linha de produtos da ImperTix:<\/strong><\/p>\n<p>Clique nos t\u00f3picos abaixo para conhecer nossa linhas de produtos:<\/p>\n<hr \/>\n<h3><strong><ul id=\"menu-contatos\" class=\"menu\"><li id=\"menu-item-171\" class=\"menu-item menu-item-type-custom menu-item-object-custom menu-item-171\"><a href=\"https:\/\/web.whatsapp.com\/send?phone=5543991555574&#038;text=Ol%C3%A1,%20gostaria%20de%20informa%C3%A7%C3%B5es%20sobre%20produtos%20da%20IMPERTIX\">Solicite um Or\u00e7amento com Especialista<\/a><\/li>\n<li id=\"menu-item-1005\" class=\"menu-item menu-item-type-custom menu-item-object-custom menu-item-1005\"><a href=\"https:\/\/web.whatsapp.com\/send?phone=5543991555574&#038;text=Ol%C3%A1,%20gostaria%20de%20informa%C3%A7%C3%B5es%20sobre%20produtos%20da%20IMPERTIX\">(43) 9 9155-5574<\/a><\/li>\n<\/ul><\/strong><\/h3>\n<hr \/>\n<figure id=\"attachment_880\" aria-describedby=\"caption-attachment-880\" style=\"width: 1920px\" class=\"wp-caption aligncenter\"><img loading=\"lazy\" decoding=\"async\" class=\"wp-image-880 size-full\" src=\"https:\/\/impertix.com.br\/impermeabilizacao\/wp-content\/uploads\/2020\/03\/2020_01.jpg\" alt=\"ImperTix Impermeabilizantes\" width=\"1920\" height=\"720\" srcset=\"https:\/\/impertix.com.br\/impermeabilizacao\/wp-content\/uploads\/2020\/03\/2020_01.jpg 1920w, https:\/\/impertix.com.br\/impermeabilizacao\/wp-content\/uploads\/2020\/03\/2020_01-400x150.jpg 400w, https:\/\/impertix.com.br\/impermeabilizacao\/wp-content\/uploads\/2020\/03\/2020_01-1024x384.jpg 1024w, https:\/\/impertix.com.br\/impermeabilizacao\/wp-content\/uploads\/2020\/03\/2020_01-768x288.jpg 768w, https:\/\/impertix.com.br\/impermeabilizacao\/wp-content\/uploads\/2020\/03\/2020_01-1536x576.jpg 1536w\" sizes=\"auto, (max-width: 1920px) 100vw, 1920px\" \/><figcaption id=\"caption-attachment-880\" class=\"wp-caption-text\">ImperTix Impermeabilizantes<\/figcaption><\/figure>\n<p><marquee>Chapix Quartzolit, Selaton Super, Viafix Chapisco, manta termica para parede, Isolamento t\u00e9rmico para lajes, Sigmaflex, Isolamento termico para terra\u00e7os, Viaplus 5000, Mantas Asf\u00e1lticas, Desmoldantes, Prote\u00e7\u00e3o Contra Corros\u00f5es, Selantes para constru\u00e7\u00e3o, Impermeabilizante, Produtos Viapol, Bautech Desmoldante, Bautech Piscina, Hey Dicryl Mastique, Sikadur Ep\u00f3xi, Groutes, Denvergrout, Iso Thermic, Sika PS Poli\u00e9ster, Pintura asf\u00e1ltica, Viapoxi Adesivo, Fibras para Concreto, Acquella Stone, Desmolton AE-14, Desmolton MF , Denverflex Trinca, Isol Therm, Sikatop 100, Viaplus 7000, Qual o melhor Impermeabilizantes, Ecoprimer 18L Viapol, Emuls\u00e3o Viapol Antirruido, Grauth SG, Monopol PU 25 PLUS, Releflex Chapisco, Sika Desmold, Vedalage Plus, Bautech Graute Tix, Desmolton MU Multiuso, Denver Desmoldante, Argamassa Estrutural 251, Bautech EP Inje\u00e7\u00e3o, Impersika Branco, Denverprimer Zinco, Igolflex Fachada, Masterpur VD, Tecplus Top Quartzolit, Desmoldante concentrado, Sika Chapisco Plus, Sikaflex 1A Plus 300ml, Desforma Plus, Hiperponde TIX, Lub Multi Oil, Plasmax BC, Reparo Estrutural, Viaflex Manta, Argamassas Estruturais e Grouts, Antiumidade quartzolit, Expandmax, Releflex Veda Trinca, Vandex AM 10, Penetron, Penetron Admix, Armatec ZN, Bautech Manta L\u00edquida, Sika Manta PS Alum\u00ednio 3 mm, Denver Imperblack, prote\u00e7\u00e3o de corros\u00e3o em vigas, Igol Ecoasfalto, SikaGrout 250, Veda Calha Relevare, Viaflex Branco, Desmolton AL, Viaplus STUC, Viaflex Preto, Viaplus Top, Sika top 100, Sistema Vulkem, Hiperflex PU, VDJ Pol\u00edmero para Veda\u00e7\u00e3o, Mantas Asf\u00e1lticas, ImperTix, Bautech Plast C, Desmolton MD, Igolflex Branco, Viaplus ST, Bianco Vedacit, Denvercal, Fita Veda Tudo Quartzolit, Kalfacil Super , Manta Asf\u00e1ltica Torodin 4mm, Aditivos para argamassas e concreto, Argamassa Estrutural, Faberfixa, Sika Boom M, Veda Facil Nanotec , Aditivos para concreto, Manta termica para lajes, Aditivo Vedacit 18L, Primer Viapol, Setaton, Setaton C, Vedacit 18 L, Denver Ecoflex, Eucon Rapid 10, Isolante T\u00e9rmico Sikafoil, Kalf\u00e1cil, Plamax 600 N, Weber Rep Shim, Viaplus 1000, Viaflex Manta Alum\u00ednio, Impermeabilizantes, Denverprimer Ep\u00f3xi, Desmoldante SM ECO, Eucon Antifoam, Manta L\u00edquida Branca, Tecplus 1 quartzolit<\/marquee><\/p>\n","protected":false},"excerpt":{"rendered":"<p>Clique nos t\u00f3picos abaixo para conhecer a linha de produtos da ImperTix: Clique nos t\u00f3picos abaixo para conhecer nossa linhas de produtos: Chapix Quartzolit, Selaton Super, Viafix Chapisco, manta termica para parede, Isolamento t\u00e9rmico para lajes, Sigmaflex, Isolamento termico para terra\u00e7os, Viaplus 5000, Mantas Asf\u00e1lticas, Desmoldantes, Prote\u00e7\u00e3o Contra Corros\u00f5es, Selantes para constru\u00e7\u00e3o, Impermeabilizante, Produtos Viapol, [&hellip;]<\/p>\n","protected":false},"author":1,"featured_media":0,"parent":0,"menu_order":0,"comment_status":"closed","ping_status":"closed","template":"","meta":{"om_disable_all_campaigns":false,"_monsterinsights_skip_tracking":false,"_monsterinsights_sitenote_active":false,"_monsterinsights_sitenote_note":"","_monsterinsights_sitenote_category":0,"footnotes":"","_links_to":"","_links_to_target":""},"class_list":["post-30","page","type-page","status-publish","hentry"],"aioseo_notices":[],"_links":{"self":[{"href":"https:\/\/impertix.com.br\/impermeabilizacao\/wp-json\/wp\/v2\/pages\/30","targetHints":{"allow":["GET"]}}],"collection":[{"href":"https:\/\/impertix.com.br\/impermeabilizacao\/wp-json\/wp\/v2\/pages"}],"about":[{"href":"https:\/\/impertix.com.br\/impermeabilizacao\/wp-json\/wp\/v2\/types\/page"}],"author":[{"embeddable":true,"href":"https:\/\/impertix.com.br\/impermeabilizacao\/wp-json\/wp\/v2\/users\/1"}],"replies":[{"embeddable":true,"href":"https:\/\/impertix.com.br\/impermeabilizacao\/wp-json\/wp\/v2\/comments?post=30"}],"version-history":[{"count":8,"href":"https:\/\/impertix.com.br\/impermeabilizacao\/wp-json\/wp\/v2\/pages\/30\/revisions"}],"predecessor-version":[{"id":884,"href":"https:\/\/impertix.com.br\/impermeabilizacao\/wp-json\/wp\/v2\/pages\/30\/revisions\/884"}],"wp:attachment":[{"href":"https:\/\/impertix.com.br\/impermeabilizacao\/wp-json\/wp\/v2\/media?parent=30"}],"curies":[{"name":"wp","href":"https:\/\/api.w.org\/{rel}","templated":true}]}}