{"id":17,"date":"2018-05-05T15:13:07","date_gmt":"2018-05-05T15:13:07","guid":{"rendered":"http:\/\/impertix.com.br\/impermeabilizacao\/?page_id=17"},"modified":"2021-12-18T13:17:08","modified_gmt":"2021-12-18T13:17:08","slug":"parcerias","status":"publish","type":"page","link":"https:\/\/impertix.com.br\/impermeabilizacao\/parcerias\/","title":{"rendered":"Parcerias"},"content":{"rendered":"<div class=\"su-note\"  style=\"border-color:#cfcfcf;border-radius:3px;-moz-border-radius:3px;-webkit-border-radius:3px;\"><div class=\"su-note-inner su-u-clearfix su-u-trim\" style=\"background-color:#E9E9E9;border-color:#ffffff;color:#333333;border-radius:3px;-moz-border-radius:3px;-webkit-border-radius:3px;\"> A <a href=\"http:\/\/impertix.com.br\/impermeabilizacao\/sobre-nos\/\"><strong>ImperTix do Brasil<\/strong><\/a>\u00a0re\u00fane produtos de qualidade e alta tecnologia, incluindo lan\u00e7amentos, das maiores ind\u00fastrias do setor de impermeabiliza\u00e7\u00e3o e reparo estrutural, atendendo com excel\u00eancia a constru\u00e7\u00f5es residenciais e comerciais, com sistema de venda especial para condom\u00ednios, ind\u00fastrias, construtoras e profissionais da constru\u00e7\u00e3o, com amplo estoque e pronta entrega para cidades de todo o Brasil.<\/div><\/div>\n<hr \/>\n<p><strong>Dentre nossos principais fornecedores e parceiros, destacamos:\u00a0<\/strong><\/p>\n<div class=\"su-custom-gallery su-custom-gallery-align-left su-custom-gallery-title-hover\"><div class=\"su-custom-gallery-slide\" style=\"width:160px;height:160px\"><a href=\"https:\/\/www.quartzolit.weber\/\" target=\"_blank\" title=\"Weber Quartzolit \u00e9 parceira da ImperTix  do Brasil\"><img loading=\"lazy\" decoding=\"async\" src=\"https:\/\/impertix.com.br\/impermeabilizacao\/wp-content\/uploads\/2018\/05\/weber.jpg\" alt=\"Weber Quartzolit \u00e9 parceira da ImperTix  do Brasil\" width=\"160\" height=\"160\" \/><span class=\"su-custom-gallery-title\">Weber Quartzolit \u00e9 parceira da ImperTix  do Brasil<\/span><\/a><\/div><div class=\"su-custom-gallery-slide\" style=\"width:160px;height:160px\"><a href=\"http:\/\/www.viapol.com.br\/\" target=\"_blank\" title=\"Viapol \u00e9 parceira da ImperTix  do Brasil\"><img loading=\"lazy\" decoding=\"async\" src=\"https:\/\/impertix.com.br\/impermeabilizacao\/wp-content\/uploads\/2018\/05\/viapol.jpg\" alt=\"Viapol \u00e9 parceira da ImperTix  do Brasil\" width=\"160\" height=\"160\" \/><span class=\"su-custom-gallery-title\">Viapol \u00e9 parceira da ImperTix  do Brasil<\/span><\/a><\/div><div class=\"su-custom-gallery-slide\" style=\"width:160px;height:160px\"><a href=\"http:\/\/www.vedacit.com.br\/\" target=\"_blank\" title=\"Vedacit \u00e9 parceira da ImperTix  do Brasil\"><img loading=\"lazy\" decoding=\"async\" src=\"https:\/\/impertix.com.br\/impermeabilizacao\/wp-content\/uploads\/2018\/05\/vedacit.jpg\" alt=\"Vedacit \u00e9 parceira da ImperTix  do Brasil\" width=\"160\" height=\"160\" \/><span class=\"su-custom-gallery-title\">Vedacit \u00e9 parceira da ImperTix  do Brasil<\/span><\/a><\/div><div class=\"su-custom-gallery-slide\" style=\"width:160px;height:160px\"><a href=\"https:\/\/bra.sika.com\/\" target=\"_blank\" title=\"Sika \u00e9 parceira da ImperTix  do Brasil\"><img loading=\"lazy\" decoding=\"async\" src=\"https:\/\/impertix.com.br\/impermeabilizacao\/wp-content\/uploads\/2018\/05\/eika.jpg\" alt=\"Sika \u00e9 parceira da ImperTix  do Brasil\" width=\"160\" height=\"160\" \/><span class=\"su-custom-gallery-title\">Sika \u00e9 parceira da ImperTix  do Brasil<\/span><\/a><\/div><div class=\"su-custom-gallery-slide\" style=\"width:160px;height:160px\"><a href=\"http:\/\/denverimper.com.br\/\" target=\"_blank\" title=\"Denver \u00e9 parceira da ImperTix  do Brasil\"><img loading=\"lazy\" decoding=\"async\" src=\"https:\/\/impertix.com.br\/impermeabilizacao\/wp-content\/uploads\/2018\/05\/denver.jpg\" alt=\"Denver \u00e9 parceira da ImperTix  do Brasil\" width=\"160\" height=\"160\" \/><span class=\"su-custom-gallery-title\">Denver \u00e9 parceira da ImperTix  do Brasil<\/span><\/a><\/div><div class=\"su-custom-gallery-slide\" style=\"width:160px;height:160px\"><a href=\"http:\/\/penetron.com.br\/\" target=\"_blank\" title=\"Penetron  \u00e9 parceira da ImperTix  do Brasil\"><img loading=\"lazy\" decoding=\"async\" src=\"https:\/\/impertix.com.br\/impermeabilizacao\/wp-content\/uploads\/2018\/06\/penetron.jpg\" alt=\"Penetron  \u00e9 parceira da ImperTix  do Brasil\" width=\"160\" height=\"160\" \/><span class=\"su-custom-gallery-title\">Penetron  \u00e9 parceira da ImperTix  do Brasil<\/span><\/a><\/div><div class=\"su-custom-gallery-slide\" style=\"width:160px;height:160px\"><a href=\"http:\/\/www.policryl.com\/\" target=\"_blank\" title=\"Policryl \u00e9 parceira da ImperTix  do Brasil\"><img loading=\"lazy\" decoding=\"async\" src=\"https:\/\/impertix.com.br\/impermeabilizacao\/wp-content\/uploads\/2019\/01\/policryl.jpg\" alt=\"Policryl \u00e9 parceira da ImperTix  do Brasil\" width=\"160\" height=\"160\" \/><span class=\"su-custom-gallery-title\">Policryl \u00e9 parceira da ImperTix  do Brasil<\/span><\/a><\/div><div class=\"su-custom-gallery-slide\" style=\"width:160px;height:160px\"><a href=\"https:\/\/www.maxtonbrasil.com.br\/\" target=\"_blank\" title=\"Maxton \u00e9 parceira da ImperTix  do Brasil\"><img loading=\"lazy\" decoding=\"async\" src=\"https:\/\/impertix.com.br\/impermeabilizacao\/wp-content\/uploads\/2019\/01\/maxton.jpg\" alt=\"Maxton \u00e9 parceira da ImperTix  do Brasil\" width=\"160\" height=\"160\" \/><span class=\"su-custom-gallery-title\">Maxton \u00e9 parceira da ImperTix  do Brasil<\/span><\/a><\/div><div class=\"su-custom-gallery-slide\" style=\"width:160px;height:160px\"><a href=\"https:\/\/resimat.com.br\/\" target=\"_blank\" title=\"Resimat\"><img loading=\"lazy\" decoding=\"async\" src=\"https:\/\/impertix.com.br\/impermeabilizacao\/wp-content\/uploads\/2020\/03\/resimat-160x160.jpg\" alt=\"Resimat\" width=\"160\" height=\"160\" \/><span class=\"su-custom-gallery-title\">Resimat<\/span><\/a><\/div><div class=\"su-custom-gallery-slide\" style=\"width:160px;height:160px\"><a href=\"http:\/\/www.procryl.com.br\/\" target=\"_blank\" title=\"Procryl\"><img loading=\"lazy\" decoding=\"async\" src=\"https:\/\/impertix.com.br\/impermeabilizacao\/wp-content\/uploads\/2020\/03\/procryl-160x160.jpg\" alt=\"Procryl\" width=\"160\" height=\"160\" \/><span class=\"su-custom-gallery-title\">Procryl<\/span><\/a><\/div><div class=\"su-custom-gallery-slide\" style=\"width:160px;height:160px\"><a href=\"http:\/\/telatex.com.br\/\" target=\"_blank\" title=\"Telatex\"><img loading=\"lazy\" decoding=\"async\" src=\"https:\/\/impertix.com.br\/impermeabilizacao\/wp-content\/uploads\/2020\/03\/telatex-160x160.jpg\" alt=\"Telatex\" width=\"160\" height=\"160\" \/><span class=\"su-custom-gallery-title\">Telatex<\/span><\/a><\/div><div class=\"su-clear\"><\/div><\/div>\n<div class=\"su-spoiler su-spoiler-style-fancy su-spoiler-icon-arrow su-spoiler-closed\" data-scroll-offset=\"0\" data-anchor-in-url=\"no\"><div class=\"su-spoiler-title\" tabindex=\"0\" role=\"button\"><span class=\"su-spoiler-icon\"><\/span>Saiba mais sobre a ImperTix do Brasil:<\/div><div class=\"su-spoiler-content su-u-clearfix su-u-trim\">\n<p>A <a href=\"http:\/\/impertix.com.br\/impermeabilizacao\/sobre-nos\/\"><strong>ImperTix do Brasil<\/strong><\/a> \u00e9 uma empresa especializada na venda de produtos t\u00e9cnicos para constru\u00e7\u00e3o, com uma sele\u00e7\u00e3o dos melhores <a href=\"http:\/\/impertix.com.br\/impermeabilizacao\/impermeabilizantes\/\">Impermeabilizantes<\/a> do mercado, alem de <strong><a href=\"http:\/\/impertix.com.br\/impermeabilizacao\/outros-produtos\/aditivos-para-argamassas-e-concreto\/\">Aditivos para Argamassas e Concreto<\/a><\/strong>, <strong><a href=\"http:\/\/impertix.com.br\/impermeabilizacao\/outros-produtos\/argamassas-estruturais-e-grouts\/\">Argamassas e Grouts<\/a><\/strong>, <strong><a href=\"http:\/\/impertix.com.br\/impermeabilizacao\/outros-produtos\/aditivos-para-argamassas-e-concreto\/\">Adesivos e selantes<\/a><\/strong>, <strong><a href=\"http:\/\/impertix.com.br\/impermeabilizacao\/outros-produtos\/mantas-asfalticas-e-emulsoes\/\">Mantas Asf\u00e1lticas e Emuls\u00f5es<\/a><\/strong>, bem como <strong><a href=\"http:\/\/impertix.com.br\/impermeabilizacao\/outros-produtos\/isolantes-termicos\/\">Isolantes T\u00e9rmicos<\/a><\/strong>, <a href=\"http:\/\/impertix.com.br\/impermeabilizacao\/outros-produtos\/resinas-acrilicas\/\"><strong>Resinas<\/strong> <strong>Acr\u00edlicas<\/strong><\/a>, <strong><a href=\"http:\/\/impertix.com.br\/impermeabilizacao\/outros-produtos\/desmoldantes\/\">Desmoldantes<\/a><\/strong>, <strong><a href=\"http:\/\/impertix.com.br\/impermeabilizacao\/outros-produtos\/fibras-para-concreto\/\">Fibras para Concreto<\/a><\/strong> al\u00e9m de <strong><a href=\"http:\/\/impertix.com.br\/impermeabilizacao\/outros-produtos\/protecao-contra-corrosoes\/\">Produtos para Prote\u00e7\u00e3o Contra Corros\u00f5es<\/a><\/strong>.<\/p>\n<p>A empresa se destaca ainda pelo diferencial de <a href=\"http:\/\/impertix.com.br\/impermeabilizacao\/consultoria-tecnica-qualificada\/\">Assessoria T\u00e9cnica<\/a> treinada e com grande conhecimento de todo o cat\u00e1logo, fornecendo consultoria sobre a melhor solu\u00e7\u00e3o aplicada aos mais diferentes problemas construtivos. Com amplo estoque, que permite pronta entrega, e localiza\u00e7\u00e3o estrat\u00e9gica, a <a href=\"http:\/\/impertix.com.br\/impermeabilizacao\/sobre-nos\/\"><strong>ImperTix do Brasil<\/strong><\/a>\u00a0atende clientes em todo Brasil com muita agilidade, al\u00e9m de manter log\u00edstica pr\u00f3pria para entregas, especialmente nas cidades de\u00a0<strong>Londrina, Maring\u00e1,\u00a0Arapongas, Apucarana<\/strong> e demais cidades do <strong>Norte do Paran\u00e1<\/strong>.<\/p>\n<p>Nosso portf\u00f3lio \u00e9 composto por produtos Impermeabilizantes e um mix de Produtos T\u00e9cnicos para a constru\u00e7\u00e3o selecionados por nossos engenheiros, visando fornecer solu\u00e7\u00f5es definitivas em impermeabiliza\u00e7\u00f5es e reparos estruturais, atendendo a condom\u00ednios, construtoras, pr\u00e9dios ind\u00fastrias e comerciais e residenciais, sempre com solu\u00e7\u00f5es personalizadas e consultoria t\u00e9cnica treinada com conhecimento de produtos diversos, adquiridos dos maiores fornecedores do setor, como <a href=\"http:\/\/impertix.com.br\/impermeabilizacao\/parcerias\/\"><strong>Sika<\/strong><\/a>, <strong><a href=\"http:\/\/impertix.com.br\/impermeabilizacao\/parcerias\/\">Viapol<\/a><\/strong>, <strong><a href=\"http:\/\/impertix.com.br\/impermeabilizacao\/parcerias\/\">Denver<\/a><\/strong>, <strong><a href=\"http:\/\/impertix.com.br\/impermeabilizacao\/parcerias\/\">Penetron<\/a><\/strong>, <strong><a href=\"http:\/\/impertix.com.br\/impermeabilizacao\/parcerias\/\">Weber<\/a> <a href=\"http:\/\/impertix.com.br\/impermeabilizacao\/parcerias\/\">Quartzolit<\/a><\/strong>, <strong><a href=\"http:\/\/impertix.com.br\/impermeabilizacao\/parcerias\/\">Vedacit<\/a><\/strong>, <strong><a href=\"http:\/\/impertix.com.br\/impermeabilizacao\/parcerias\/\">Maxton, <\/a><a href=\"http:\/\/impertix.com.br\/impermeabilizacao\/parcerias\/\">Resimat<\/a><\/strong>, <strong><a href=\"http:\/\/impertix.com.br\/impermeabilizacao\/parcerias\/\">Procryl<\/a><\/strong> e <strong><a href=\"http:\/\/impertix.com.br\/impermeabilizacao\/parcerias\/\">Telatex<\/a><\/strong>, dentre outras ind\u00fastrias expressivas em impermeabilizantes e produtos para constru\u00e7\u00e3o!<\/p>\n<\/div><\/div>\n\t\t<div id=\"instagram-gallery-feed-2\" class=\"instagram-gallery-feed\" data-feed=\"{&quot;id&quot;:2,&quot;account_id&quot;:&quot;17841444970667114&quot;,&quot;source&quot;:&quot;username&quot;,&quot;tag&quot;:&quot;wordpress&quot;,&quot;order_by&quot;:&quot;top_media&quot;,&quot;layout&quot;:&quot;carousel&quot;,&quot;limit&quot;:50,&quot;columns&quot;:3,&quot;lazy&quot;:false,&quot;spacing&quot;:10,&quot;highlight&quot;:{&quot;tag&quot;:&quot;&quot;,&quot;id&quot;:&quot;&quot;,&quot;position&quot;:&quot;1,3,5&quot;},&quot;reel&quot;:{&quot;hide&quot;:false},&quot;copyright&quot;:{&quot;hide&quot;:false,&quot;placeholder&quot;:&quot;&quot;},&quot;profile&quot;:{&quot;display&quot;:false,&quot;auto&quot;:false,&quot;username&quot;:&quot;&quot;,&quot;nickname&quot;:&quot;&quot;,&quot;website&quot;:&quot;&quot;,&quot;biography&quot;:&quot;&quot;,&quot;link_text&quot;:&quot;Follow&quot;,&quot;website_text&quot;:&quot;Website&quot;,&quot;avatar&quot;:&quot;&quot;},&quot;box&quot;:{&quot;display&quot;:false,&quot;padding&quot;:1,&quot;radius&quot;:0,&quot;background&quot;:&quot;#fefefe&quot;,&quot;profile&quot;:false,&quot;desc&quot;:&quot;&quot;,&quot;text_color&quot;:&quot;#000000&quot;},&quot;mask&quot;:{&quot;display&quot;:true,&quot;background&quot;:&quot;#000000&quot;,&quot;likes_count&quot;:true,&quot;comments_count&quot;:true},&quot;card&quot;:{&quot;display&quot;:false,&quot;radius&quot;:1,&quot;font_size&quot;:12,&quot;background&quot;:&quot;#ffffff&quot;,&quot;background_hover&quot;:&quot;#ffffff&quot;,&quot;text_color&quot;:&quot;#000000&quot;,&quot;padding&quot;:5,&quot;likes_count&quot;:true,&quot;text_length&quot;:10,&quot;comments_count&quot;:true,&quot;text_align&quot;:&quot;left&quot;},&quot;carousel&quot;:{&quot;slidespv&quot;:4,&quot;centered_slides&quot;:false,&quot;autoplay&quot;:false,&quot;autoplay_interval&quot;:3000,&quot;navarrows&quot;:true,&quot;navarrows_color&quot;:&quot;&quot;,&quot;pagination&quot;:true,&quot;pagination_color&quot;:&quot;&quot;},&quot;modal&quot;:{&quot;display&quot;:true,&quot;profile&quot;:false,&quot;media_description&quot;:true,&quot;likes_count&quot;:true,&quot;comments_count&quot;:true,&quot;text_align&quot;:&quot;left&quot;,&quot;modal_align&quot;:&quot;right&quot;,&quot;text_length&quot;:10000,&quot;font_size&quot;:12},&quot;button&quot;:{&quot;display&quot;:true,&quot;text&quot;:&quot;View on Instagram&quot;,&quot;text_color&quot;:&quot;#ffff&quot;,&quot;background&quot;:&quot;&quot;,&quot;background_hover&quot;:&quot;&quot;},&quot;button_load&quot;:{&quot;display&quot;:false,&quot;text&quot;:&quot;Load more...&quot;,&quot;text_color&quot;:&quot;#ffff&quot;,&quot;background&quot;:&quot;&quot;,&quot;background_hover&quot;:&quot;&quot;}}\">\n\t\t<!-- <FeedContainer\/> -->\n\t\t<\/div>\n\t\t\n","protected":false},"excerpt":{"rendered":"<p>Dentre nossos principais fornecedores e parceiros, destacamos:\u00a0<\/p>\n","protected":false},"author":1,"featured_media":0,"parent":0,"menu_order":0,"comment_status":"closed","ping_status":"closed","template":"","meta":{"om_disable_all_campaigns":false,"_monsterinsights_skip_tracking":false,"_monsterinsights_sitenote_active":false,"_monsterinsights_sitenote_note":"","_monsterinsights_sitenote_category":0,"footnotes":"","_links_to":"","_links_to_target":""},"class_list":["post-17","page","type-page","status-publish","hentry"],"aioseo_notices":[],"_links":{"self":[{"href":"https:\/\/impertix.com.br\/impermeabilizacao\/wp-json\/wp\/v2\/pages\/17","targetHints":{"allow":["GET"]}}],"collection":[{"href":"https:\/\/impertix.com.br\/impermeabilizacao\/wp-json\/wp\/v2\/pages"}],"about":[{"href":"https:\/\/impertix.com.br\/impermeabilizacao\/wp-json\/wp\/v2\/types\/page"}],"author":[{"embeddable":true,"href":"https:\/\/impertix.com.br\/impermeabilizacao\/wp-json\/wp\/v2\/users\/1"}],"replies":[{"embeddable":true,"href":"https:\/\/impertix.com.br\/impermeabilizacao\/wp-json\/wp\/v2\/comments?post=17"}],"version-history":[{"count":20,"href":"https:\/\/impertix.com.br\/impermeabilizacao\/wp-json\/wp\/v2\/pages\/17\/revisions"}],"predecessor-version":[{"id":1080,"href":"https:\/\/impertix.com.br\/impermeabilizacao\/wp-json\/wp\/v2\/pages\/17\/revisions\/1080"}],"wp:attachment":[{"href":"https:\/\/impertix.com.br\/impermeabilizacao\/wp-json\/wp\/v2\/media?parent=17"}],"curies":[{"name":"wp","href":"https:\/\/api.w.org\/{rel}","templated":true}]}}