{"id":151,"date":"2018-05-07T17:37:44","date_gmt":"2018-05-07T17:37:44","guid":{"rendered":"http:\/\/impertix.com.br\/impermeabilizacao\/?page_id=151"},"modified":"2020-03-20T21:26:45","modified_gmt":"2020-03-20T21:26:45","slug":"desmoldantes","status":"publish","type":"page","link":"https:\/\/impertix.com.br\/impermeabilizacao\/outros-produtos\/desmoldantes\/","title":{"rendered":"Desmoldantes"},"content":{"rendered":"<h2><strong>Desmoldantes de alta qualidade \u00e9 na ImperTix!\u00a0<\/strong><\/h2>\n<hr \/>\n<p><strong>Clique nas fotos para ampliar e ver detalhes sobre os Desmoldantes\u00a0 + vendidos<\/strong>:<\/p>\n<div id='gallery-1' class='gallery galleryid-151 gallery-columns-3 gallery-size-thumbnail'><figure class='gallery-item'>\n\t\t\t<div class='gallery-icon landscape'>\n\t\t\t\t<a href='https:\/\/impertix.com.br\/impermeabilizacao\/outros-produtos\/desmoldantes\/desmoldante-weber\/'><img loading=\"lazy\" decoding=\"async\" width=\"200\" height=\"200\" src=\"https:\/\/impertix.com.br\/impermeabilizacao\/wp-content\/uploads\/2018\/05\/desmoldante-weber-200x200.jpg\" class=\"attachment-thumbnail size-thumbnail\" alt=\"Desmoldante concentrado\" aria-describedby=\"gallery-1-535\" srcset=\"https:\/\/impertix.com.br\/impermeabilizacao\/wp-content\/uploads\/2018\/05\/desmoldante-weber-200x200.jpg 200w, https:\/\/impertix.com.br\/impermeabilizacao\/wp-content\/uploads\/2018\/05\/desmoldante-weber-400x400.jpg 400w, https:\/\/impertix.com.br\/impermeabilizacao\/wp-content\/uploads\/2018\/05\/desmoldante-weber.jpg 600w\" sizes=\"auto, (max-width: 200px) 100vw, 200px\" \/><\/a>\n\t\t\t<\/div>\n\t\t\t\t<figcaption class='wp-caption-text gallery-caption' id='gallery-1-535'>\n\t\t\t\tDesmoldante concentrado\n\t\t\t\t<\/figcaption><\/figure><figure class='gallery-item'>\n\t\t\t<div class='gallery-icon landscape'>\n\t\t\t\t<a href='https:\/\/impertix.com.br\/impermeabilizacao\/outros-produtos\/desmoldantes\/denverdesmoldante18\/'><img loading=\"lazy\" decoding=\"async\" width=\"150\" height=\"150\" src=\"https:\/\/impertix.com.br\/impermeabilizacao\/wp-content\/uploads\/2018\/05\/denverdesmoldante18-150x150.jpg\" class=\"attachment-thumbnail size-thumbnail\" alt=\"Denver Desmoldante\" aria-describedby=\"gallery-1-471\" srcset=\"https:\/\/impertix.com.br\/impermeabilizacao\/wp-content\/uploads\/2018\/05\/denverdesmoldante18-150x150.jpg 150w, https:\/\/impertix.com.br\/impermeabilizacao\/wp-content\/uploads\/2018\/05\/denverdesmoldante18-300x300.jpg 300w, https:\/\/impertix.com.br\/impermeabilizacao\/wp-content\/uploads\/2018\/05\/denverdesmoldante18.jpg 600w\" sizes=\"auto, (max-width: 150px) 100vw, 150px\" \/><\/a>\n\t\t\t<\/div>\n\t\t\t\t<figcaption class='wp-caption-text gallery-caption' id='gallery-1-471'>\n\t\t\t\tDenver Desmoldante\n\n\t\t\t\t<\/figcaption><\/figure><figure class='gallery-item'>\n\t\t\t<div class='gallery-icon landscape'>\n\t\t\t\t<a href='https:\/\/impertix.com.br\/impermeabilizacao\/outros-produtos\/desmoldantes\/desmold\/'><img loading=\"lazy\" decoding=\"async\" width=\"200\" height=\"200\" src=\"https:\/\/impertix.com.br\/impermeabilizacao\/wp-content\/uploads\/2018\/05\/DESMOLD-200x200.jpg\" class=\"attachment-thumbnail size-thumbnail\" alt=\"Sika\u00ae Desmold\" aria-describedby=\"gallery-1-529\" srcset=\"https:\/\/impertix.com.br\/impermeabilizacao\/wp-content\/uploads\/2018\/05\/DESMOLD-200x200.jpg 200w, https:\/\/impertix.com.br\/impermeabilizacao\/wp-content\/uploads\/2018\/05\/DESMOLD-400x400.jpg 400w, https:\/\/impertix.com.br\/impermeabilizacao\/wp-content\/uploads\/2018\/05\/DESMOLD.jpg 600w\" sizes=\"auto, (max-width: 200px) 100vw, 200px\" \/><\/a>\n\t\t\t<\/div>\n\t\t\t\t<figcaption class='wp-caption-text gallery-caption' id='gallery-1-529'>\n\t\t\t\tSika\u00ae Desmold\n\n\t\t\t\t<\/figcaption><\/figure><figure class='gallery-item'>\n\t\t\t<div class='gallery-icon landscape'>\n\t\t\t\t<a href='https:\/\/impertix.com.br\/impermeabilizacao\/outros-produtos\/desmoldantes\/desformaplus\/'><img loading=\"lazy\" decoding=\"async\" width=\"200\" height=\"200\" src=\"https:\/\/impertix.com.br\/impermeabilizacao\/wp-content\/uploads\/2018\/05\/desformaplus-200x200.jpg\" class=\"attachment-thumbnail size-thumbnail\" alt=\"Desforma Plus\" aria-describedby=\"gallery-1-531\" srcset=\"https:\/\/impertix.com.br\/impermeabilizacao\/wp-content\/uploads\/2018\/05\/desformaplus-200x200.jpg 200w, https:\/\/impertix.com.br\/impermeabilizacao\/wp-content\/uploads\/2018\/05\/desformaplus-400x400.jpg 400w, https:\/\/impertix.com.br\/impermeabilizacao\/wp-content\/uploads\/2018\/05\/desformaplus.jpg 600w\" sizes=\"auto, (max-width: 200px) 100vw, 200px\" \/><\/a>\n\t\t\t<\/div>\n\t\t\t\t<figcaption class='wp-caption-text gallery-caption' id='gallery-1-531'>\n\t\t\t\tDesforma Plus\n\n\t\t\t\t<\/figcaption><\/figure><figure class='gallery-item'>\n\t\t\t<div class='gallery-icon landscape'>\n\t\t\t\t<a href='https:\/\/impertix.com.br\/impermeabilizacao\/outros-produtos\/desmoldantes\/denver-sc-eco\/'><img loading=\"lazy\" decoding=\"async\" width=\"150\" height=\"150\" src=\"https:\/\/impertix.com.br\/impermeabilizacao\/wp-content\/uploads\/2018\/05\/denver-sc-eco-150x150.jpg\" class=\"attachment-thumbnail size-thumbnail\" alt=\"Denver Desmoldante SM ECO\" aria-describedby=\"gallery-1-473\" srcset=\"https:\/\/impertix.com.br\/impermeabilizacao\/wp-content\/uploads\/2018\/05\/denver-sc-eco-150x150.jpg 150w, https:\/\/impertix.com.br\/impermeabilizacao\/wp-content\/uploads\/2018\/05\/denver-sc-eco-300x300.jpg 300w, https:\/\/impertix.com.br\/impermeabilizacao\/wp-content\/uploads\/2018\/05\/denver-sc-eco.jpg 600w\" sizes=\"auto, (max-width: 150px) 100vw, 150px\" \/><\/a>\n\t\t\t<\/div>\n\t\t\t\t<figcaption class='wp-caption-text gallery-caption' id='gallery-1-473'>\n\t\t\t\tDesmoldante SM ECO\n\n\t\t\t\t<\/figcaption><\/figure><figure class='gallery-item'>\n\t\t\t<div class='gallery-icon landscape'>\n\t\t\t\t<a href='https:\/\/impertix.com.br\/impermeabilizacao\/outros-produtos\/desmoldantes\/ae14\/'><img loading=\"lazy\" decoding=\"async\" width=\"200\" height=\"200\" src=\"https:\/\/impertix.com.br\/impermeabilizacao\/wp-content\/uploads\/2019\/02\/AE14-200x200.jpg\" class=\"attachment-thumbnail size-thumbnail\" alt=\"DESMOLTON AE-14\" aria-describedby=\"gallery-1-781\" srcset=\"https:\/\/impertix.com.br\/impermeabilizacao\/wp-content\/uploads\/2019\/02\/AE14-200x200.jpg 200w, https:\/\/impertix.com.br\/impermeabilizacao\/wp-content\/uploads\/2019\/02\/AE14-400x400.jpg 400w, https:\/\/impertix.com.br\/impermeabilizacao\/wp-content\/uploads\/2019\/02\/AE14.jpg 600w\" sizes=\"auto, (max-width: 200px) 100vw, 200px\" \/><\/a>\n\t\t\t<\/div>\n\t\t\t\t<figcaption class='wp-caption-text gallery-caption' id='gallery-1-781'>\n\t\t\t\t DESMOLTON AE-14\n\t\t\t\t<\/figcaption><\/figure><figure class='gallery-item'>\n\t\t\t<div class='gallery-icon landscape'>\n\t\t\t\t<a href='https:\/\/impertix.com.br\/impermeabilizacao\/outros-produtos\/desmoldantes\/al\/'><img loading=\"lazy\" decoding=\"async\" width=\"200\" height=\"200\" src=\"https:\/\/impertix.com.br\/impermeabilizacao\/wp-content\/uploads\/2019\/02\/AL-200x200.jpg\" class=\"attachment-thumbnail size-thumbnail\" alt=\"DESMOLTON AL\" aria-describedby=\"gallery-1-783\" srcset=\"https:\/\/impertix.com.br\/impermeabilizacao\/wp-content\/uploads\/2019\/02\/AL-200x200.jpg 200w, https:\/\/impertix.com.br\/impermeabilizacao\/wp-content\/uploads\/2019\/02\/AL-400x400.jpg 400w, https:\/\/impertix.com.br\/impermeabilizacao\/wp-content\/uploads\/2019\/02\/AL.jpg 600w\" sizes=\"auto, (max-width: 200px) 100vw, 200px\" \/><\/a>\n\t\t\t<\/div>\n\t\t\t\t<figcaption class='wp-caption-text gallery-caption' id='gallery-1-783'>\n\t\t\t\tDESMOLTON AL\n\t\t\t\t<\/figcaption><\/figure><figure class='gallery-item'>\n\t\t\t<div class='gallery-icon landscape'>\n\t\t\t\t<a href='https:\/\/impertix.com.br\/impermeabilizacao\/outros-produtos\/desmoldantes\/md\/'><img loading=\"lazy\" decoding=\"async\" width=\"200\" height=\"200\" src=\"https:\/\/impertix.com.br\/impermeabilizacao\/wp-content\/uploads\/2019\/02\/md-200x200.jpg\" class=\"attachment-thumbnail size-thumbnail\" alt=\"DESMOLTON MD\" aria-describedby=\"gallery-1-784\" srcset=\"https:\/\/impertix.com.br\/impermeabilizacao\/wp-content\/uploads\/2019\/02\/md-200x200.jpg 200w, https:\/\/impertix.com.br\/impermeabilizacao\/wp-content\/uploads\/2019\/02\/md-400x400.jpg 400w, https:\/\/impertix.com.br\/impermeabilizacao\/wp-content\/uploads\/2019\/02\/md.jpg 600w\" sizes=\"auto, (max-width: 200px) 100vw, 200px\" \/><\/a>\n\t\t\t<\/div>\n\t\t\t\t<figcaption class='wp-caption-text gallery-caption' id='gallery-1-784'>\n\t\t\t\tDESMOLTON MD\n\t\t\t\t<\/figcaption><\/figure><figure class='gallery-item'>\n\t\t\t<div class='gallery-icon landscape'>\n\t\t\t\t<a href='https:\/\/impertix.com.br\/impermeabilizacao\/outros-produtos\/desmoldantes\/mf\/'><img loading=\"lazy\" decoding=\"async\" width=\"200\" height=\"200\" src=\"https:\/\/impertix.com.br\/impermeabilizacao\/wp-content\/uploads\/2019\/02\/mf-200x200.jpg\" class=\"attachment-thumbnail size-thumbnail\" alt=\"DESMOLTON MF - MultiF\u00f4rmas\" aria-describedby=\"gallery-1-786\" srcset=\"https:\/\/impertix.com.br\/impermeabilizacao\/wp-content\/uploads\/2019\/02\/mf-200x200.jpg 200w, https:\/\/impertix.com.br\/impermeabilizacao\/wp-content\/uploads\/2019\/02\/mf-400x400.jpg 400w, https:\/\/impertix.com.br\/impermeabilizacao\/wp-content\/uploads\/2019\/02\/mf.jpg 600w\" sizes=\"auto, (max-width: 200px) 100vw, 200px\" \/><\/a>\n\t\t\t<\/div>\n\t\t\t\t<figcaption class='wp-caption-text gallery-caption' id='gallery-1-786'>\n\t\t\t\tDESMOLTON MF &#8211; MultiF\u00f4rmas\n\n\n\t\t\t\t<\/figcaption><\/figure><figure class='gallery-item'>\n\t\t\t<div class='gallery-icon landscape'>\n\t\t\t\t<a href='https:\/\/impertix.com.br\/impermeabilizacao\/outros-produtos\/desmoldantes\/mu\/'><img loading=\"lazy\" decoding=\"async\" width=\"200\" height=\"200\" src=\"https:\/\/impertix.com.br\/impermeabilizacao\/wp-content\/uploads\/2019\/02\/mu-200x200.jpg\" class=\"attachment-thumbnail size-thumbnail\" alt=\"DESMOLTON MU - Multiuso\" aria-describedby=\"gallery-1-788\" srcset=\"https:\/\/impertix.com.br\/impermeabilizacao\/wp-content\/uploads\/2019\/02\/mu-200x200.jpg 200w, https:\/\/impertix.com.br\/impermeabilizacao\/wp-content\/uploads\/2019\/02\/mu-400x400.jpg 400w, https:\/\/impertix.com.br\/impermeabilizacao\/wp-content\/uploads\/2019\/02\/mu.jpg 600w\" sizes=\"auto, (max-width: 200px) 100vw, 200px\" \/><\/a>\n\t\t\t<\/div>\n\t\t\t\t<figcaption class='wp-caption-text gallery-caption' id='gallery-1-788'>\n\t\t\t\tDESMOLTON MU &#8211; Multiuso\n\n\n\t\t\t\t<\/figcaption><\/figure>\n\t\t<\/div>\n\n<hr \/>\n<p>Caso n\u00e3o tenha encontrado aqui um produto, <a href=\"http:\/\/impertix.com.br\/impermeabilizacao\/orcamentos\/\"><strong>consulte nossa equipe de vendas<\/strong><\/a> para localizar o produto que voc\u00ea busca em nosso estoque e junto aos nossos fornecedores.<\/p>\n<hr \/>\n<p><a href=\"http:\/\/impertix.com.br\/impermeabilizacao\/orcamentos\/\"><strong>Entregamos em todo o Brasil com log\u00edstica \u00e1gil e o menor pre\u00e7o! Clique e solicite seu or\u00e7amento!<\/strong><\/a><\/p>\n<hr \/>\n<div class=\"su-spoiler su-spoiler-style-fancy su-spoiler-icon-arrow su-spoiler-closed\" data-scroll-offset=\"0\" data-anchor-in-url=\"no\"><div class=\"su-spoiler-title\" tabindex=\"0\" role=\"button\"><span class=\"su-spoiler-icon\"><\/span>Saiba mais sobre a ImperTix do Brasil:<\/div><div class=\"su-spoiler-content su-u-clearfix su-u-trim\">\n<p>A <a href=\"http:\/\/impertix.com.br\/impermeabilizacao\/sobre-nos\/\"><strong>ImperTix do Brasil<\/strong><\/a> \u00e9 uma empresa especializada na venda de produtos t\u00e9cnicos para constru\u00e7\u00e3o, com uma sele\u00e7\u00e3o dos melhores <a href=\"http:\/\/impertix.com.br\/impermeabilizacao\/impermeabilizantes\/\">Impermeabilizantes<\/a> do mercado, alem de <strong><a href=\"http:\/\/impertix.com.br\/impermeabilizacao\/outros-produtos\/aditivos-para-argamassas-e-concreto\/\">Aditivos para Argamassas e Concreto<\/a><\/strong>, <strong><a href=\"http:\/\/impertix.com.br\/impermeabilizacao\/outros-produtos\/argamassas-estruturais-e-grouts\/\">Argamassas e Grouts<\/a><\/strong>, <strong><a href=\"http:\/\/impertix.com.br\/impermeabilizacao\/outros-produtos\/aditivos-para-argamassas-e-concreto\/\">Adesivos e selantes<\/a><\/strong>, <strong><a href=\"http:\/\/impertix.com.br\/impermeabilizacao\/outros-produtos\/mantas-asfalticas-e-emulsoes\/\">Mantas Asf\u00e1lticas e Emuls\u00f5es<\/a><\/strong>, bem como <strong><a href=\"http:\/\/impertix.com.br\/impermeabilizacao\/outros-produtos\/isolantes-termicos\/\">Isolantes T\u00e9rmicos<\/a><\/strong>, <a href=\"http:\/\/impertix.com.br\/impermeabilizacao\/outros-produtos\/resinas-acrilicas\/\"><strong>Resinas<\/strong> <strong>Acr\u00edlicas<\/strong><\/a>, <strong><a href=\"http:\/\/impertix.com.br\/impermeabilizacao\/outros-produtos\/desmoldantes\/\">Desmoldantes<\/a><\/strong>, <strong><a href=\"http:\/\/impertix.com.br\/impermeabilizacao\/outros-produtos\/fibras-para-concreto\/\">Fibras para Concreto<\/a><\/strong> al\u00e9m de <strong><a href=\"http:\/\/impertix.com.br\/impermeabilizacao\/outros-produtos\/protecao-contra-corrosoes\/\">Produtos para Prote\u00e7\u00e3o Contra Corros\u00f5es<\/a><\/strong>.<\/p>\n<p>A empresa se destaca ainda pelo diferencial de <a href=\"http:\/\/impertix.com.br\/impermeabilizacao\/consultoria-tecnica-qualificada\/\">Assessoria T\u00e9cnica<\/a> treinada e com grande conhecimento de todo o cat\u00e1logo, fornecendo consultoria sobre a melhor solu\u00e7\u00e3o aplicada aos mais diferentes problemas construtivos. Com amplo estoque, que permite pronta entrega, e localiza\u00e7\u00e3o estrat\u00e9gica, a <a href=\"http:\/\/impertix.com.br\/impermeabilizacao\/sobre-nos\/\"><strong>ImperTix do Brasil<\/strong><\/a>\u00a0atende clientes em todo Brasil com muita agilidade, al\u00e9m de manter log\u00edstica pr\u00f3pria para entregas, especialmente nas cidades de\u00a0<strong>Londrina, Maring\u00e1,\u00a0Arapongas, Apucarana<\/strong> e demais cidades do <strong>Norte do Paran\u00e1<\/strong>.<\/p>\n<p>Nosso portf\u00f3lio \u00e9 composto por produtos Impermeabilizantes e um mix de Produtos T\u00e9cnicos para a constru\u00e7\u00e3o selecionados por nossos engenheiros, visando fornecer solu\u00e7\u00f5es definitivas em impermeabiliza\u00e7\u00f5es e reparos estruturais, atendendo a condom\u00ednios, construtoras, pr\u00e9dios ind\u00fastrias e comerciais e residenciais, sempre com solu\u00e7\u00f5es personalizadas e consultoria t\u00e9cnica treinada com conhecimento de produtos diversos, adquiridos dos maiores fornecedores do setor, como <a href=\"http:\/\/impertix.com.br\/impermeabilizacao\/parcerias\/\"><strong>Sika<\/strong><\/a>, <strong><a href=\"http:\/\/impertix.com.br\/impermeabilizacao\/parcerias\/\">Viapol<\/a><\/strong>, <strong><a href=\"http:\/\/impertix.com.br\/impermeabilizacao\/parcerias\/\">Denver<\/a><\/strong>, <strong><a href=\"http:\/\/impertix.com.br\/impermeabilizacao\/parcerias\/\">Penetron<\/a><\/strong>, <strong><a href=\"http:\/\/impertix.com.br\/impermeabilizacao\/parcerias\/\">Weber<\/a> <a href=\"http:\/\/impertix.com.br\/impermeabilizacao\/parcerias\/\">Quartzolit<\/a><\/strong>, <strong><a href=\"http:\/\/impertix.com.br\/impermeabilizacao\/parcerias\/\">Vedacit<\/a><\/strong>, <strong><a href=\"http:\/\/impertix.com.br\/impermeabilizacao\/parcerias\/\">Maxton, <\/a><a href=\"http:\/\/impertix.com.br\/impermeabilizacao\/parcerias\/\">Policryl<\/a>, <a href=\"http:\/\/impertix.com.br\/impermeabilizacao\/parcerias\/\">Resimat<\/a><\/strong>, <strong><a href=\"http:\/\/impertix.com.br\/impermeabilizacao\/parcerias\/\">Procryl<\/a><\/strong> e <strong><a href=\"http:\/\/impertix.com.br\/impermeabilizacao\/parcerias\/\">Telatex<\/a><\/strong>, dentre outras ind\u00fastrias expressivas de impermeabilizantes e produtos para constru\u00e7\u00e3o!<\/p>\n<\/div><\/div>\n<p>&nbsp;<\/p>\n<hr \/>\n<div id=\"su_slider_69f5179da2709\" class=\"su-slider su-slider-centered su-slider-pages-no su-slider-responsive-yes su-lightbox-gallery\" style=\"width:100%\" data-autoplay=\"3000\" data-speed=\"600\" data-mousewheel=\"true\"><div class=\"su-slider-slides\"><div class=\"su-slider-slide\"><a href=\"https:\/\/impertix.com.br\/impermeabilizacao\/wp-content\/uploads\/2020\/03\/impertix011.jpg\"  title=\"impertix011\" data-rel=\"lightbox-gallery-QdTAY1OY\" data-rl_title=\"impertix011\" data-rl_caption=\"impertix011\"><img decoding=\"async\" src=\"https:\/\/impertix.com.br\/impermeabilizacao\/wp-content\/uploads\/2020\/03\/impertix011-600x88.jpg\" alt=\"impertix011\" \/><\/a><\/div><div class=\"su-slider-slide\"><a href=\"https:\/\/impertix.com.br\/impermeabilizacao\/wp-content\/uploads\/2020\/03\/impertix04.jpg\"  title=\"impertix04\" data-rel=\"lightbox-gallery-QdTAY1OY\" data-rl_title=\"impertix04\" data-rl_caption=\"impertix04\"><img decoding=\"async\" src=\"https:\/\/impertix.com.br\/impermeabilizacao\/wp-content\/uploads\/2020\/03\/impertix04-600x88.jpg\" alt=\"impertix04\" \/><\/a><\/div><div class=\"su-slider-slide\"><a href=\"https:\/\/impertix.com.br\/impermeabilizacao\/wp-content\/uploads\/2020\/03\/impertix03.jpg\"  title=\"impertix03\" data-rel=\"lightbox-gallery-QdTAY1OY\" data-rl_title=\"impertix03\" data-rl_caption=\"impertix03\"><img decoding=\"async\" src=\"https:\/\/impertix.com.br\/impermeabilizacao\/wp-content\/uploads\/2020\/03\/impertix03-600x88.jpg\" alt=\"impertix03\" \/><\/a><\/div><div class=\"su-slider-slide\"><a href=\"https:\/\/impertix.com.br\/impermeabilizacao\/wp-content\/uploads\/2020\/03\/impertix02.jpg\"  title=\"impertix02\" data-rel=\"lightbox-gallery-QdTAY1OY\" data-rl_title=\"impertix02\" data-rl_caption=\"impertix02\"><img decoding=\"async\" src=\"https:\/\/impertix.com.br\/impermeabilizacao\/wp-content\/uploads\/2020\/03\/impertix02-600x88.jpg\" alt=\"impertix02\" \/><\/a><\/div><\/div><div class=\"su-slider-nav\"><div class=\"su-slider-pagination\"><\/div><\/div><\/div>\n","protected":false},"excerpt":{"rendered":"<p>Desmoldantes de alta qualidade \u00e9 na ImperTix!\u00a0 Clique nas fotos para ampliar e ver detalhes sobre os Desmoldantes\u00a0 + vendidos: Caso n\u00e3o tenha encontrado aqui um produto, consulte nossa equipe de vendas para localizar o produto que voc\u00ea busca em nosso estoque e junto aos nossos fornecedores. Entregamos em todo o Brasil com log\u00edstica \u00e1gil [&hellip;]<\/p>\n","protected":false},"author":1,"featured_media":0,"parent":30,"menu_order":0,"comment_status":"closed","ping_status":"closed","template":"","meta":{"om_disable_all_campaigns":false,"_monsterinsights_skip_tracking":false,"_monsterinsights_sitenote_active":false,"_monsterinsights_sitenote_note":"","_monsterinsights_sitenote_category":0,"footnotes":"","_links_to":"","_links_to_target":""},"class_list":["post-151","page","type-page","status-publish","hentry"],"aioseo_notices":[],"_links":{"self":[{"href":"https:\/\/impertix.com.br\/impermeabilizacao\/wp-json\/wp\/v2\/pages\/151","targetHints":{"allow":["GET"]}}],"collection":[{"href":"https:\/\/impertix.com.br\/impermeabilizacao\/wp-json\/wp\/v2\/pages"}],"about":[{"href":"https:\/\/impertix.com.br\/impermeabilizacao\/wp-json\/wp\/v2\/types\/page"}],"author":[{"embeddable":true,"href":"https:\/\/impertix.com.br\/impermeabilizacao\/wp-json\/wp\/v2\/users\/1"}],"replies":[{"embeddable":true,"href":"https:\/\/impertix.com.br\/impermeabilizacao\/wp-json\/wp\/v2\/comments?post=151"}],"version-history":[{"count":18,"href":"https:\/\/impertix.com.br\/impermeabilizacao\/wp-json\/wp\/v2\/pages\/151\/revisions"}],"predecessor-version":[{"id":991,"href":"https:\/\/impertix.com.br\/impermeabilizacao\/wp-json\/wp\/v2\/pages\/151\/revisions\/991"}],"up":[{"embeddable":true,"href":"https:\/\/impertix.com.br\/impermeabilizacao\/wp-json\/wp\/v2\/pages\/30"}],"wp:attachment":[{"href":"https:\/\/impertix.com.br\/impermeabilizacao\/wp-json\/wp\/v2\/media?parent=151"}],"curies":[{"name":"wp","href":"https:\/\/api.w.org\/{rel}","templated":true}]}}