{"id":15,"date":"2018-05-05T15:12:43","date_gmt":"2018-05-05T15:12:43","guid":{"rendered":"http:\/\/impertix.com.br\/impermeabilizacao\/?page_id=15"},"modified":"2021-12-18T13:20:16","modified_gmt":"2021-12-18T13:20:16","slug":"sobre-nos","status":"publish","type":"page","link":"https:\/\/impertix.com.br\/impermeabilizacao\/sobre-nos\/","title":{"rendered":"Sobre N\u00f3s"},"content":{"rendered":"<blockquote>\n<h2>ImperTix do Brasil: A Casa Da Impermeabiliza\u00e7\u00e3o!<\/h2>\n<\/blockquote>\n<p>A <a href=\"http:\/\/impertix.com.br\/impermeabilizacao\"><strong>ImperTix do Brasil\u00ae<\/strong><\/a> \u00e9 uma empresa especializada na venda de produtos t\u00e9cnicos para constru\u00e7\u00e3o,<br \/>\nCom uma sele\u00e7\u00e3o dos melhores <a href=\"http:\/\/impertix.com.br\/impermeabilizacao\/impermeabilizantes\/\"><strong>Impermeabilizantes<\/strong> <\/a>, <strong><a href=\"http:\/\/impertix.com.br\/impermeabilizacao\/outros-produtos\/aditivos-para-argamassas-e-concreto\/\">Aditivos para Argamassas e Concreto<\/a><\/strong>, <strong><a href=\"http:\/\/impertix.com.br\/impermeabilizacao\/outros-produtos\/argamassas-estruturais-e-grouts\/\">Argamassas e Grouts<\/a><\/strong>, <strong><a href=\"http:\/\/impertix.com.br\/impermeabilizacao\/outros-produtos\/adesivos-estruturais-e-selantes\/\">Adesivos e selantes<\/a><\/strong>, al\u00e9m <a href=\"http:\/\/impertix.com.br\/impermeabilizacao\/outros-produtos\/mantas-asfalticas-e-emulsoes\/\"><strong>Mantas Asf\u00e1lticas e Emuls\u00f5es Asf\u00e1lticas<\/strong><\/a> e <strong><a href=\"http:\/\/impertix.com.br\/impermeabilizacao\/outros-produtos\/isolantes-termicos\/\">Isolantes T\u00e9rmicos<\/a><\/strong>\u00a0e setor de <strong><a href=\"http:\/\/impertix.com.br\/impermeabilizacao\/outros-produtos\/resinas-acrilicas\/\">Resinas Acr\u00edlicas<\/a><\/strong>, <strong><a href=\"http:\/\/impertix.com.br\/impermeabilizacao\/outros-produtos\/desmoldantes\/\">Desmoldantes<\/a><\/strong>, <strong><a href=\"http:\/\/impertix.com.br\/impermeabilizacao\/outros-produtos\/fibras-para-concreto\/\">Fibras para Concreto<\/a> <\/strong>e ainda produtos de <strong><a href=\"http:\/\/impertix.com.br\/impermeabilizacao\/outros-produtos\/protecao-contra-corrosoes\/\">Prote\u00e7\u00e3o Contra Corros\u00f5es<\/a><\/strong>.<\/p>\n<p>Al\u00e9m do cat\u00e1logo diversificado de produtos t\u00e9cnicos para constru\u00e7\u00e3o , a <a href=\"http:\/\/impertix.com.br\/impermeabilizacao\"><strong>ImperTix do Brasil\u00ae<\/strong><\/a> agrega ainda diferencial de <a href=\"http:\/\/impertix.com.br\/impermeabilizacao\/consultoria-tecnica-qualificada\/\"><strong>assessoria t\u00e9cnica treinada<\/strong><\/a> com grande conhecimento de todos os produtos comercializados, fornecendo consultoria especializada em solu\u00e7\u00f5es adequadas aos mais diferentes problemas construtivos.<\/p>\n<p>Com duas lojas em Londrina e Maring\u00e1 e amplo estoque, a empresa tem localiza\u00e7\u00e3o estrat\u00e9gica, <a href=\"http:\/\/impertix.com.br\/impermeabilizacao\/entregas-em-todo-brasil\/\"><strong>despachando com agilidade para qualquer cidade do Brasil<\/strong><\/a>, al\u00e9m de manter log\u00edstica pr\u00f3pria para entregas em Londrina, Maring\u00e1 e algumas cidades do norte do Paran\u00e1<\/p>\n<p>Nosso portf\u00f3lio \u00e9 composto por <strong><a href=\"http:\/\/impertix.com.br\/impermeabilizacao\/impermeabilizantes\/\">linha de Impermeabilizantes<\/a> <\/strong>e <strong><a href=\"http:\/\/impertix.com.br\/impermeabilizacao\/outros-produtos\/\">produtos t\u00e9cnicos para constru\u00e7\u00e3o <\/a><\/strong>selecionados nossos engenheiros, visando fornecer solu\u00e7\u00f5es definitivas em impermeabiliza\u00e7\u00f5es e reparos estruturais, atendendo a condom\u00ednios, ind\u00fastrias e resid\u00eancias, com solu\u00e7\u00f5es personalizadas e consultoria t\u00e9cnica treinada!<\/p>\n<p>Dentre nossos fornecedores destacamos <a href=\"http:\/\/impertix.com.br\/impermeabilizacao\/parcerias\/\"><strong>Sika<\/strong><\/a>, <strong><a href=\"http:\/\/impertix.com.br\/impermeabilizacao\/parcerias\/\">Viapol<\/a><\/strong>, <strong><a href=\"http:\/\/impertix.com.br\/impermeabilizacao\/parcerias\/\">Denver<\/a><\/strong>, <strong><a href=\"http:\/\/impertix.com.br\/impermeabilizacao\/parcerias\/\">Penetron<\/a><\/strong>, <strong><a href=\"http:\/\/impertix.com.br\/impermeabilizacao\/parcerias\/\">Weber<\/a> <a href=\"http:\/\/impertix.com.br\/impermeabilizacao\/parcerias\/\">Quartzolit<\/a><\/strong>, <strong><a href=\"http:\/\/impertix.com.br\/impermeabilizacao\/parcerias\/\">Vedacit<\/a><\/strong>, <strong><a href=\"http:\/\/impertix.com.br\/impermeabilizacao\/parcerias\/\">Maxton, <\/a><a href=\"http:\/\/impertix.com.br\/impermeabilizacao\/parcerias\/\">Policryl<\/a>, <a href=\"http:\/\/impertix.com.br\/impermeabilizacao\/parcerias\/\">Resimat<\/a><\/strong>, <strong><a href=\"http:\/\/impertix.com.br\/impermeabilizacao\/parcerias\/\">Procryl<\/a><\/strong> e <strong><a href=\"http:\/\/impertix.com.br\/impermeabilizacao\/parcerias\/\">Telatex<\/a><\/strong>, dentre outras ind\u00fastrias de ponta em produtos construtivos.<\/p>\n\t\t<div id=\"instagram-gallery-feed-2\" class=\"instagram-gallery-feed\" data-feed=\"{&quot;id&quot;:2,&quot;account_id&quot;:&quot;17841444970667114&quot;,&quot;source&quot;:&quot;username&quot;,&quot;tag&quot;:&quot;wordpress&quot;,&quot;order_by&quot;:&quot;top_media&quot;,&quot;layout&quot;:&quot;carousel&quot;,&quot;limit&quot;:50,&quot;columns&quot;:3,&quot;lazy&quot;:false,&quot;spacing&quot;:10,&quot;highlight&quot;:{&quot;tag&quot;:&quot;&quot;,&quot;id&quot;:&quot;&quot;,&quot;position&quot;:&quot;1,3,5&quot;},&quot;reel&quot;:{&quot;hide&quot;:false},&quot;copyright&quot;:{&quot;hide&quot;:false,&quot;placeholder&quot;:&quot;&quot;},&quot;profile&quot;:{&quot;display&quot;:false,&quot;auto&quot;:false,&quot;username&quot;:&quot;&quot;,&quot;nickname&quot;:&quot;&quot;,&quot;website&quot;:&quot;&quot;,&quot;biography&quot;:&quot;&quot;,&quot;link_text&quot;:&quot;Follow&quot;,&quot;website_text&quot;:&quot;Website&quot;,&quot;avatar&quot;:&quot;&quot;},&quot;box&quot;:{&quot;display&quot;:false,&quot;padding&quot;:1,&quot;radius&quot;:0,&quot;background&quot;:&quot;#fefefe&quot;,&quot;profile&quot;:false,&quot;desc&quot;:&quot;&quot;,&quot;text_color&quot;:&quot;#000000&quot;},&quot;mask&quot;:{&quot;display&quot;:true,&quot;background&quot;:&quot;#000000&quot;,&quot;likes_count&quot;:true,&quot;comments_count&quot;:true},&quot;card&quot;:{&quot;display&quot;:false,&quot;radius&quot;:1,&quot;font_size&quot;:12,&quot;background&quot;:&quot;#ffffff&quot;,&quot;background_hover&quot;:&quot;#ffffff&quot;,&quot;text_color&quot;:&quot;#000000&quot;,&quot;padding&quot;:5,&quot;likes_count&quot;:true,&quot;text_length&quot;:10,&quot;comments_count&quot;:true,&quot;text_align&quot;:&quot;left&quot;},&quot;carousel&quot;:{&quot;slidespv&quot;:4,&quot;centered_slides&quot;:false,&quot;autoplay&quot;:false,&quot;autoplay_interval&quot;:3000,&quot;navarrows&quot;:true,&quot;navarrows_color&quot;:&quot;&quot;,&quot;pagination&quot;:true,&quot;pagination_color&quot;:&quot;&quot;},&quot;modal&quot;:{&quot;display&quot;:true,&quot;profile&quot;:false,&quot;media_description&quot;:true,&quot;likes_count&quot;:true,&quot;comments_count&quot;:true,&quot;text_align&quot;:&quot;left&quot;,&quot;modal_align&quot;:&quot;right&quot;,&quot;text_length&quot;:10000,&quot;font_size&quot;:12},&quot;button&quot;:{&quot;display&quot;:true,&quot;text&quot;:&quot;View on Instagram&quot;,&quot;text_color&quot;:&quot;#ffff&quot;,&quot;background&quot;:&quot;&quot;,&quot;background_hover&quot;:&quot;&quot;},&quot;button_load&quot;:{&quot;display&quot;:false,&quot;text&quot;:&quot;Load more...&quot;,&quot;text_color&quot;:&quot;#ffff&quot;,&quot;background&quot;:&quot;&quot;,&quot;background_hover&quot;:&quot;&quot;}}\">\n\t\t<!-- <FeedContainer\/> -->\n\t\t<\/div>\n\t\t\n<div class=\"su-image-carousel  su-image-carousel-has-spacing su-image-carousel-crop su-image-carousel-crop-4-3 su-image-carousel-has-outline su-image-carousel-adaptive su-image-carousel-slides-style-default su-image-carousel-controls-style-dark su-image-carousel-align-none\" style=\"\" data-flickity-options='{\"groupCells\":true,\"cellSelector\":\".su-image-carousel-item\",\"adaptiveHeight\":false,\"cellAlign\":\"left\",\"prevNextButtons\":true,\"pageDots\":true,\"autoPlay\":5000,\"imagesLoaded\":true,\"contain\":true,\"selectedAttraction\":0.025000000000000001387778780781445675529539585113525390625,\"friction\":0.2800000000000000266453525910037569701671600341796875}' id=\"su_image_carousel_69f517995a6b8\"><div class=\"su-image-carousel-item\"><div class=\"su-image-carousel-item-content\"><img loading=\"lazy\" decoding=\"async\" width=\"640\" height=\"570\" src=\"https:\/\/impertix.com.br\/impermeabilizacao\/wp-content\/uploads\/2021\/08\/impertix-londrina-1.jpg\" class=\"\" alt=\"Impertix Londrina\" srcset=\"https:\/\/impertix.com.br\/impermeabilizacao\/wp-content\/uploads\/2021\/08\/impertix-londrina-1.jpg 719w, https:\/\/impertix.com.br\/impermeabilizacao\/wp-content\/uploads\/2021\/08\/impertix-londrina-1-400x356.jpg 400w\" sizes=\"auto, (max-width: 640px) 100vw, 640px\" \/><\/div><\/div><div class=\"su-image-carousel-item\"><div class=\"su-image-carousel-item-content\"><img loading=\"lazy\" decoding=\"async\" width=\"640\" height=\"570\" src=\"https:\/\/impertix.com.br\/impermeabilizacao\/wp-content\/uploads\/2021\/08\/impertix-maringa02.jpg\" class=\"\" alt=\"Impertix Maring\u00e1\" srcset=\"https:\/\/impertix.com.br\/impermeabilizacao\/wp-content\/uploads\/2021\/08\/impertix-maringa02.jpg 719w, https:\/\/impertix.com.br\/impermeabilizacao\/wp-content\/uploads\/2021\/08\/impertix-maringa02-400x356.jpg 400w\" sizes=\"auto, (max-width: 640px) 100vw, 640px\" \/><\/div><\/div><div class=\"su-image-carousel-item\"><div class=\"su-image-carousel-item-content\"><img loading=\"lazy\" decoding=\"async\" width=\"640\" height=\"570\" src=\"https:\/\/impertix.com.br\/impermeabilizacao\/wp-content\/uploads\/2021\/08\/impertix-londrina-6.jpg\" class=\"\" alt=\"Impertix Londrina\" srcset=\"https:\/\/impertix.com.br\/impermeabilizacao\/wp-content\/uploads\/2021\/08\/impertix-londrina-6.jpg 719w, https:\/\/impertix.com.br\/impermeabilizacao\/wp-content\/uploads\/2021\/08\/impertix-londrina-6-400x356.jpg 400w\" sizes=\"auto, (max-width: 640px) 100vw, 640px\" \/><\/div><\/div><div class=\"su-image-carousel-item\"><div class=\"su-image-carousel-item-content\"><img loading=\"lazy\" decoding=\"async\" width=\"640\" height=\"570\" src=\"https:\/\/impertix.com.br\/impermeabilizacao\/wp-content\/uploads\/2021\/08\/impertix-londrina-5.jpg\" class=\"\" alt=\"Impertix Londrina\" srcset=\"https:\/\/impertix.com.br\/impermeabilizacao\/wp-content\/uploads\/2021\/08\/impertix-londrina-5.jpg 719w, https:\/\/impertix.com.br\/impermeabilizacao\/wp-content\/uploads\/2021\/08\/impertix-londrina-5-400x356.jpg 400w\" sizes=\"auto, (max-width: 640px) 100vw, 640px\" \/><\/div><\/div><div class=\"su-image-carousel-item\"><div class=\"su-image-carousel-item-content\"><img loading=\"lazy\" decoding=\"async\" width=\"640\" height=\"570\" src=\"https:\/\/impertix.com.br\/impermeabilizacao\/wp-content\/uploads\/2021\/08\/impertix-londrina-2.jpg\" class=\"\" alt=\"Impertix Londrina\" srcset=\"https:\/\/impertix.com.br\/impermeabilizacao\/wp-content\/uploads\/2021\/08\/impertix-londrina-2.jpg 719w, https:\/\/impertix.com.br\/impermeabilizacao\/wp-content\/uploads\/2021\/08\/impertix-londrina-2-400x356.jpg 400w\" sizes=\"auto, (max-width: 640px) 100vw, 640px\" \/><\/div><\/div><\/div><script id=\"su_image_carousel_69f517995a6b8_script\">if(window.SUImageCarousel){setTimeout(function() {window.SUImageCarousel.initGallery(document.getElementById(\"su_image_carousel_69f517995a6b8\"))}, 0);}var su_image_carousel_69f517995a6b8_script=document.getElementById(\"su_image_carousel_69f517995a6b8_script\");if(su_image_carousel_69f517995a6b8_script){su_image_carousel_69f517995a6b8_script.parentNode.removeChild(su_image_carousel_69f517995a6b8_script);}<\/script>\n<hr \/>\n<h2><strong>MATRIZ EM LONDRINA:<\/strong><\/h2>\n<p>Av. Juscelino Kubitscheck, 442<br \/>\nCentro, Londrina &#8211; PR<br \/>\nTel.: (43) 3345-0100<br \/>\nCEP: 86020-250<\/p>\n<p><iframe loading=\"lazy\" style=\"border: 0;\" src=\"https:\/\/www.google.com\/maps\/embed?pb=!1m18!1m12!1m3!1d3664.278437077898!2d-51.173634184480306!3d-23.305654358085324!2m3!1f0!2f0!3f0!3m2!1i1024!2i768!4f13.1!3m3!1m2!1s0x94eb44afd3a0a245%3A0x1da63a60e9af2910!2sAv.%20Juscelino%20Kubitscheck%2C%20442%20-%20Jardim%20Santo%20Antonio%2C%20Londrina%20-%20PR%2C%2086020-250!5e0!3m2!1spt-BR!2sbr!4v1583844594374!5m2!1spt-BR!2sbr\" width=\"600\" height=\"450\" frameborder=\"0\" allowfullscreen=\"allowfullscreen\"><\/iframe><\/p>\n<h2><strong>FILIAL EM MARING\u00c1:<\/strong><\/h2>\n<p>Avenida Brasil, 6128, Sala 03<br \/>\nZona 06, Maring\u00e1 &#8211; PR<br \/>\nTel.: (44) 3346-1254<br \/>\nCEP: 87015-250<\/p>\n<p><iframe loading=\"lazy\" style=\"border: 0;\" src=\"https:\/\/www.google.com\/maps\/embed?pb=!1m18!1m12!1m3!1d3660.9841840795852!2d-51.963478285024735!3d-23.424938484750847!2m3!1f0!2f0!3f0!3m2!1i1024!2i768!4f13.1!3m3!1m2!1s0x94ecd71e4fe625b5%3A0x4595a0535a302ec4!2sAv.%20Brasil%2C%206128%20-%2003%20-%20Zona%2005%2C%20Maring%C3%A1%20-%20PR%2C%2087015-250!5e0!3m2!1spt-BR!2sbr!4v1629754804413!5m2!1spt-BR!2sbr\" width=\"600\" height=\"450\" allowfullscreen=\"allowfullscreen\"><\/iframe><\/p>\n<p>&nbsp;<\/p>\n<hr \/>\n<p><img loading=\"lazy\" decoding=\"async\" class=\"aligncenter wp-image-999 size-full\" src=\"https:\/\/impertix.com.br\/impermeabilizacao\/wp-content\/uploads\/2020\/03\/slogan22.jpg\" alt=\"\" width=\"770\" height=\"264\" srcset=\"https:\/\/impertix.com.br\/impermeabilizacao\/wp-content\/uploads\/2020\/03\/slogan22.jpg 770w, https:\/\/impertix.com.br\/impermeabilizacao\/wp-content\/uploads\/2020\/03\/slogan22-400x137.jpg 400w, https:\/\/impertix.com.br\/impermeabilizacao\/wp-content\/uploads\/2020\/03\/slogan22-768x263.jpg 768w\" sizes=\"auto, (max-width: 770px) 100vw, 770px\" \/><\/p>\n","protected":false},"excerpt":{"rendered":"<p>ImperTix do Brasil: A Casa Da Impermeabiliza\u00e7\u00e3o! A ImperTix do Brasil\u00ae \u00e9 uma empresa especializada na venda de produtos t\u00e9cnicos para constru\u00e7\u00e3o, Com uma sele\u00e7\u00e3o dos melhores Impermeabilizantes , Aditivos para Argamassas e Concreto, Argamassas e Grouts, Adesivos e selantes, al\u00e9m Mantas Asf\u00e1lticas e Emuls\u00f5es Asf\u00e1lticas e Isolantes T\u00e9rmicos\u00a0e setor de Resinas Acr\u00edlicas, Desmoldantes, Fibras [&hellip;]<\/p>\n","protected":false},"author":1,"featured_media":0,"parent":0,"menu_order":8,"comment_status":"closed","ping_status":"closed","template":"","meta":{"om_disable_all_campaigns":false,"_monsterinsights_skip_tracking":false,"_monsterinsights_sitenote_active":false,"_monsterinsights_sitenote_note":"","_monsterinsights_sitenote_category":0,"footnotes":"","_links_to":"","_links_to_target":""},"class_list":["post-15","page","type-page","status-publish","hentry"],"aioseo_notices":[],"_links":{"self":[{"href":"https:\/\/impertix.com.br\/impermeabilizacao\/wp-json\/wp\/v2\/pages\/15","targetHints":{"allow":["GET"]}}],"collection":[{"href":"https:\/\/impertix.com.br\/impermeabilizacao\/wp-json\/wp\/v2\/pages"}],"about":[{"href":"https:\/\/impertix.com.br\/impermeabilizacao\/wp-json\/wp\/v2\/types\/page"}],"author":[{"embeddable":true,"href":"https:\/\/impertix.com.br\/impermeabilizacao\/wp-json\/wp\/v2\/users\/1"}],"replies":[{"embeddable":true,"href":"https:\/\/impertix.com.br\/impermeabilizacao\/wp-json\/wp\/v2\/comments?post=15"}],"version-history":[{"count":32,"href":"https:\/\/impertix.com.br\/impermeabilizacao\/wp-json\/wp\/v2\/pages\/15\/revisions"}],"predecessor-version":[{"id":1084,"href":"https:\/\/impertix.com.br\/impermeabilizacao\/wp-json\/wp\/v2\/pages\/15\/revisions\/1084"}],"wp:attachment":[{"href":"https:\/\/impertix.com.br\/impermeabilizacao\/wp-json\/wp\/v2\/media?parent=15"}],"curies":[{"name":"wp","href":"https:\/\/api.w.org\/{rel}","templated":true}]}}