{"id":143,"date":"2018-05-07T17:36:53","date_gmt":"2018-05-07T17:36:53","guid":{"rendered":"http:\/\/impertix.com.br\/impermeabilizacao\/?page_id=143"},"modified":"2020-03-20T21:26:19","modified_gmt":"2020-03-20T21:26:19","slug":"argamassas-estruturais-e-grouts","status":"publish","type":"page","link":"https:\/\/impertix.com.br\/impermeabilizacao\/outros-produtos\/argamassas-estruturais-e-grouts\/","title":{"rendered":"Argamassas Estruturais e Grouts"},"content":{"rendered":"<h2><strong>Argamassas e Groutes de alta qualidade \u00e9 na ImperTix!\u00a0<\/strong><\/h2>\n<hr \/>\n<p><strong>Clique nas fotos para ampliar e ver detalhes sobre Argamassas e Groutes + vendidos<\/strong>:<\/p>\n<div id='gallery-1' class='gallery galleryid-143 gallery-columns-3 gallery-size-thumbnail'><figure class='gallery-item'>\n\t\t\t<div class='gallery-icon landscape'>\n\t\t\t\t<a href='https:\/\/impertix.com.br\/impermeabilizacao\/outros-produtos\/argamassas-estruturais-e-grouts\/grauth-sg\/'><img loading=\"lazy\" decoding=\"async\" width=\"150\" height=\"150\" src=\"https:\/\/impertix.com.br\/impermeabilizacao\/wp-content\/uploads\/2018\/05\/grauth-sg-150x150.jpg\" class=\"attachment-thumbnail size-thumbnail\" alt=\"Grauth SG\" aria-describedby=\"gallery-1-451\" srcset=\"https:\/\/impertix.com.br\/impermeabilizacao\/wp-content\/uploads\/2018\/05\/grauth-sg-150x150.jpg 150w, https:\/\/impertix.com.br\/impermeabilizacao\/wp-content\/uploads\/2018\/05\/grauth-sg-300x300.jpg 300w, https:\/\/impertix.com.br\/impermeabilizacao\/wp-content\/uploads\/2018\/05\/grauth-sg.jpg 600w\" sizes=\"auto, (max-width: 150px) 100vw, 150px\" \/><\/a>\n\t\t\t<\/div>\n\t\t\t\t<figcaption class='wp-caption-text gallery-caption' id='gallery-1-451'>\n\t\t\t\tGrauth SG\n\n\t\t\t\t<\/figcaption><\/figure><figure class='gallery-item'>\n\t\t\t<div class='gallery-icon landscape'>\n\t\t\t\t<a href='https:\/\/impertix.com.br\/impermeabilizacao\/outros-produtos\/argamassas-estruturais-e-grouts\/pastilhas\/'><img loading=\"lazy\" decoding=\"async\" width=\"150\" height=\"150\" src=\"https:\/\/impertix.com.br\/impermeabilizacao\/wp-content\/uploads\/2018\/05\/pastilhas-150x150.jpg\" class=\"attachment-thumbnail size-thumbnail\" alt=\"Argamassa Pastilhas Fachadas\" aria-describedby=\"gallery-1-453\" srcset=\"https:\/\/impertix.com.br\/impermeabilizacao\/wp-content\/uploads\/2018\/05\/pastilhas-150x150.jpg 150w, https:\/\/impertix.com.br\/impermeabilizacao\/wp-content\/uploads\/2018\/05\/pastilhas-300x300.jpg 300w, https:\/\/impertix.com.br\/impermeabilizacao\/wp-content\/uploads\/2018\/05\/pastilhas.jpg 600w\" sizes=\"auto, (max-width: 150px) 100vw, 150px\" \/><\/a>\n\t\t\t<\/div>\n\t\t\t\t<figcaption class='wp-caption-text gallery-caption' id='gallery-1-453'>\n\t\t\t\tArgamassa Pastilhas\n\t\t\t\t<\/figcaption><\/figure><figure class='gallery-item'>\n\t\t\t<div class='gallery-icon landscape'>\n\t\t\t\t<a href='https:\/\/impertix.com.br\/impermeabilizacao\/outros-produtos\/argamassas-estruturais-e-grouts\/sika_grout\/'><img loading=\"lazy\" decoding=\"async\" width=\"150\" height=\"150\" src=\"https:\/\/impertix.com.br\/impermeabilizacao\/wp-content\/uploads\/2018\/05\/sika_grout-150x150.jpg\" class=\"attachment-thumbnail size-thumbnail\" alt=\"SikaGrout\u00ae 250\" aria-describedby=\"gallery-1-455\" srcset=\"https:\/\/impertix.com.br\/impermeabilizacao\/wp-content\/uploads\/2018\/05\/sika_grout-150x150.jpg 150w, https:\/\/impertix.com.br\/impermeabilizacao\/wp-content\/uploads\/2018\/05\/sika_grout-300x300.jpg 300w, https:\/\/impertix.com.br\/impermeabilizacao\/wp-content\/uploads\/2018\/05\/sika_grout.jpg 600w\" sizes=\"auto, (max-width: 150px) 100vw, 150px\" \/><\/a>\n\t\t\t<\/div>\n\t\t\t\t<figcaption class='wp-caption-text gallery-caption' id='gallery-1-455'>\n\t\t\t\tSikaGrout\u00ae 250\n\t\t\t\t<\/figcaption><\/figure><figure class='gallery-item'>\n\t\t\t<div class='gallery-icon landscape'>\n\t\t\t\t<a href='https:\/\/impertix.com.br\/impermeabilizacao\/outros-produtos\/argamassas-estruturais-e-grouts\/bautech-groute-tix\/'><img loading=\"lazy\" decoding=\"async\" width=\"150\" height=\"150\" src=\"https:\/\/impertix.com.br\/impermeabilizacao\/wp-content\/uploads\/2018\/05\/bautech-groute-tix-150x150.jpg\" class=\"attachment-thumbnail size-thumbnail\" alt=\"Bautech Graute Tix\" aria-describedby=\"gallery-1-460\" srcset=\"https:\/\/impertix.com.br\/impermeabilizacao\/wp-content\/uploads\/2018\/05\/bautech-groute-tix-150x150.jpg 150w, https:\/\/impertix.com.br\/impermeabilizacao\/wp-content\/uploads\/2018\/05\/bautech-groute-tix-300x300.jpg 300w, https:\/\/impertix.com.br\/impermeabilizacao\/wp-content\/uploads\/2018\/05\/bautech-groute-tix.jpg 600w\" sizes=\"auto, (max-width: 150px) 100vw, 150px\" \/><\/a>\n\t\t\t<\/div>\n\t\t\t\t<figcaption class='wp-caption-text gallery-caption' id='gallery-1-460'>\n\t\t\t\tBautech Graute Tix\n\n\t\t\t\t<\/figcaption><\/figure><figure class='gallery-item'>\n\t\t\t<div class='gallery-icon landscape'>\n\t\t\t\t<a href='https:\/\/impertix.com.br\/impermeabilizacao\/outros-produtos\/argamassas-estruturais-e-grouts\/bautech-plast-c\/'><img loading=\"lazy\" decoding=\"async\" width=\"150\" height=\"150\" src=\"https:\/\/impertix.com.br\/impermeabilizacao\/wp-content\/uploads\/2018\/05\/bautech-plast-c-150x150.jpg\" class=\"attachment-thumbnail size-thumbnail\" alt=\"Bautech Plast C\" aria-describedby=\"gallery-1-466\" srcset=\"https:\/\/impertix.com.br\/impermeabilizacao\/wp-content\/uploads\/2018\/05\/bautech-plast-c-150x150.jpg 150w, https:\/\/impertix.com.br\/impermeabilizacao\/wp-content\/uploads\/2018\/05\/bautech-plast-c-300x300.jpg 300w, https:\/\/impertix.com.br\/impermeabilizacao\/wp-content\/uploads\/2018\/05\/bautech-plast-c.jpg 600w\" sizes=\"auto, (max-width: 150px) 100vw, 150px\" \/><\/a>\n\t\t\t<\/div>\n\t\t\t\t<figcaption class='wp-caption-text gallery-caption' id='gallery-1-466'>\n\t\t\t\tBautech Plast C\n\n\t\t\t\t<\/figcaption><\/figure><figure class='gallery-item'>\n\t\t\t<div class='gallery-icon landscape'>\n\t\t\t\t<a href='https:\/\/impertix.com.br\/impermeabilizacao\/outros-produtos\/argamassas-estruturais-e-grouts\/denvergroute\/'><img loading=\"lazy\" decoding=\"async\" width=\"150\" height=\"150\" src=\"https:\/\/impertix.com.br\/impermeabilizacao\/wp-content\/uploads\/2018\/05\/denvergroute-150x150.jpg\" class=\"attachment-thumbnail size-thumbnail\" alt=\"Denvergrout\" aria-describedby=\"gallery-1-467\" srcset=\"https:\/\/impertix.com.br\/impermeabilizacao\/wp-content\/uploads\/2018\/05\/denvergroute-150x150.jpg 150w, https:\/\/impertix.com.br\/impermeabilizacao\/wp-content\/uploads\/2018\/05\/denvergroute-300x300.jpg 300w, https:\/\/impertix.com.br\/impermeabilizacao\/wp-content\/uploads\/2018\/05\/denvergroute.jpg 600w\" sizes=\"auto, (max-width: 150px) 100vw, 150px\" \/><\/a>\n\t\t\t<\/div>\n\t\t\t\t<figcaption class='wp-caption-text gallery-caption' id='gallery-1-467'>\n\t\t\t\tDenvergrout\n\n\t\t\t\t<\/figcaption><\/figure><figure class='gallery-item'>\n\t\t\t<div class='gallery-icon landscape'>\n\t\t\t\t<a href='https:\/\/impertix.com.br\/impermeabilizacao\/outros-produtos\/argamassas-estruturais-e-grouts\/argamassaestrutural\/'><img loading=\"lazy\" decoding=\"async\" width=\"200\" height=\"200\" src=\"https:\/\/impertix.com.br\/impermeabilizacao\/wp-content\/uploads\/2018\/05\/argamassaestrutural-200x200.jpg\" class=\"attachment-thumbnail size-thumbnail\" alt=\"Argamassa Estrutural 251\" aria-describedby=\"gallery-1-549\" srcset=\"https:\/\/impertix.com.br\/impermeabilizacao\/wp-content\/uploads\/2018\/05\/argamassaestrutural-200x200.jpg 200w, https:\/\/impertix.com.br\/impermeabilizacao\/wp-content\/uploads\/2018\/05\/argamassaestrutural-400x400.jpg 400w, https:\/\/impertix.com.br\/impermeabilizacao\/wp-content\/uploads\/2018\/05\/argamassaestrutural.jpg 469w\" sizes=\"auto, (max-width: 200px) 100vw, 200px\" \/><\/a>\n\t\t\t<\/div>\n\t\t\t\t<figcaption class='wp-caption-text gallery-caption' id='gallery-1-549'>\n\t\t\t\tArgamassa Estrutural 251\n\t\t\t\t<\/figcaption><\/figure><figure class='gallery-item'>\n\t\t\t<div class='gallery-icon landscape'>\n\t\t\t\t<a href='https:\/\/impertix.com.br\/impermeabilizacao\/outros-produtos\/mantas-asfalticas-e-emulsoes\/stuc\/'><img loading=\"lazy\" decoding=\"async\" width=\"200\" height=\"200\" src=\"https:\/\/impertix.com.br\/impermeabilizacao\/wp-content\/uploads\/2018\/06\/stuc-200x200.jpg\" class=\"attachment-thumbnail size-thumbnail\" alt=\"Viaplus STUC\" aria-describedby=\"gallery-1-668\" srcset=\"https:\/\/impertix.com.br\/impermeabilizacao\/wp-content\/uploads\/2018\/06\/stuc-200x200.jpg 200w, https:\/\/impertix.com.br\/impermeabilizacao\/wp-content\/uploads\/2018\/06\/stuc-400x400.jpg 400w, https:\/\/impertix.com.br\/impermeabilizacao\/wp-content\/uploads\/2018\/06\/stuc.jpg 600w\" sizes=\"auto, (max-width: 200px) 100vw, 200px\" \/><\/a>\n\t\t\t<\/div>\n\t\t\t\t<figcaption class='wp-caption-text gallery-caption' id='gallery-1-668'>\n\t\t\t\tViaplus STUC\n\t\t\t\t<\/figcaption><\/figure><figure class='gallery-item'>\n\t\t\t<div class='gallery-icon landscape'>\n\t\t\t\t<a href='https:\/\/impertix.com.br\/impermeabilizacao\/outros-produtos\/argamassas-estruturais-e-grouts\/viaplus_st\/'><img loading=\"lazy\" decoding=\"async\" width=\"200\" height=\"200\" src=\"https:\/\/impertix.com.br\/impermeabilizacao\/wp-content\/uploads\/2018\/06\/viaplus_st-200x200.jpg\" class=\"attachment-thumbnail size-thumbnail\" alt=\"Viaplus ST\" aria-describedby=\"gallery-1-680\" \/><\/a>\n\t\t\t<\/div>\n\t\t\t\t<figcaption class='wp-caption-text gallery-caption' id='gallery-1-680'>\n\t\t\t\tViaplus ST\n\t\t\t\t<\/figcaption><\/figure><figure class='gallery-item'>\n\t\t\t<div class='gallery-icon landscape'>\n\t\t\t\t<a href='https:\/\/impertix.com.br\/impermeabilizacao\/outros-produtos\/argamassas-estruturais-e-grouts\/reparo_estrutural_quartzoli\/'><img loading=\"lazy\" decoding=\"async\" width=\"200\" height=\"200\" src=\"https:\/\/impertix.com.br\/impermeabilizacao\/wp-content\/uploads\/2018\/06\/reparo_estrutural_quartzoli-200x200.jpg\" class=\"attachment-thumbnail size-thumbnail\" alt=\"Reparo Estrutural Quartzolit\" aria-describedby=\"gallery-1-724\" srcset=\"https:\/\/impertix.com.br\/impermeabilizacao\/wp-content\/uploads\/2018\/06\/reparo_estrutural_quartzoli-200x200.jpg 200w, https:\/\/impertix.com.br\/impermeabilizacao\/wp-content\/uploads\/2018\/06\/reparo_estrutural_quartzoli-400x400.jpg 400w, https:\/\/impertix.com.br\/impermeabilizacao\/wp-content\/uploads\/2018\/06\/reparo_estrutural_quartzoli.jpg 600w\" sizes=\"auto, (max-width: 200px) 100vw, 200px\" \/><\/a>\n\t\t\t<\/div>\n\t\t\t\t<figcaption class='wp-caption-text gallery-caption' id='gallery-1-724'>\n\t\t\t\tReparo Estrutural \n\t\t\t\t<\/figcaption><\/figure><figure class='gallery-item'>\n\t\t\t<div class='gallery-icon landscape'>\n\t\t\t\t<a href='https:\/\/impertix.com.br\/impermeabilizacao\/outros-produtos\/argamassas-estruturais-e-grouts\/weber-rep-shim\/'><img loading=\"lazy\" decoding=\"async\" width=\"200\" height=\"200\" src=\"https:\/\/impertix.com.br\/impermeabilizacao\/wp-content\/uploads\/2018\/06\/Weber-Rep-Shim-200x200.jpg\" class=\"attachment-thumbnail size-thumbnail\" alt=\"Weber Rep Shim\" aria-describedby=\"gallery-1-727\" srcset=\"https:\/\/impertix.com.br\/impermeabilizacao\/wp-content\/uploads\/2018\/06\/Weber-Rep-Shim-200x200.jpg 200w, https:\/\/impertix.com.br\/impermeabilizacao\/wp-content\/uploads\/2018\/06\/Weber-Rep-Shim-400x400.jpg 400w, https:\/\/impertix.com.br\/impermeabilizacao\/wp-content\/uploads\/2018\/06\/Weber-Rep-Shim.jpg 600w\" sizes=\"auto, (max-width: 200px) 100vw, 200px\" \/><\/a>\n\t\t\t<\/div>\n\t\t\t\t<figcaption class='wp-caption-text gallery-caption' id='gallery-1-727'>\n\t\t\t\tWeber Rep Shim\n\n\t\t\t\t<\/figcaption><\/figure><figure class='gallery-item'>\n\t\t\t<div class='gallery-icon landscape'>\n\t\t\t\t<a href='https:\/\/impertix.com.br\/impermeabilizacao\/outros-produtos\/argamassas-estruturais-e-grouts\/argacim400\/'><img loading=\"lazy\" decoding=\"async\" width=\"200\" height=\"200\" src=\"https:\/\/impertix.com.br\/impermeabilizacao\/wp-content\/uploads\/2020\/03\/argacim400-200x200.jpg\" class=\"attachment-thumbnail size-thumbnail\" alt=\"Argacim R 400 \u00ae\" aria-describedby=\"gallery-1-887\" srcset=\"https:\/\/impertix.com.br\/impermeabilizacao\/wp-content\/uploads\/2020\/03\/argacim400-200x200.jpg 200w, https:\/\/impertix.com.br\/impermeabilizacao\/wp-content\/uploads\/2020\/03\/argacim400-400x400.jpg 400w, https:\/\/impertix.com.br\/impermeabilizacao\/wp-content\/uploads\/2020\/03\/argacim400.jpg 600w\" sizes=\"auto, (max-width: 200px) 100vw, 200px\" \/><\/a>\n\t\t\t<\/div>\n\t\t\t\t<figcaption class='wp-caption-text gallery-caption' id='gallery-1-887'>\n\t\t\t\tArgacim R 400 \u00ae\n\n\t\t\t\t<\/figcaption><\/figure><figure class='gallery-item'>\n\t\t\t<div class='gallery-icon landscape'>\n\t\t\t\t<a href='https:\/\/impertix.com.br\/impermeabilizacao\/outros-produtos\/argamassas-estruturais-e-grouts\/argamassa-expansiva\/'><img loading=\"lazy\" decoding=\"async\" width=\"200\" height=\"200\" src=\"https:\/\/impertix.com.br\/impermeabilizacao\/wp-content\/uploads\/2020\/03\/argamassa-expansiva-200x200.jpg\" class=\"attachment-thumbnail size-thumbnail\" alt=\"Argamassa Expansiva \u00ae\" aria-describedby=\"gallery-1-888\" srcset=\"https:\/\/impertix.com.br\/impermeabilizacao\/wp-content\/uploads\/2020\/03\/argamassa-expansiva-200x200.jpg 200w, https:\/\/impertix.com.br\/impermeabilizacao\/wp-content\/uploads\/2020\/03\/argamassa-expansiva-400x400.jpg 400w, https:\/\/impertix.com.br\/impermeabilizacao\/wp-content\/uploads\/2020\/03\/argamassa-expansiva.jpg 600w\" sizes=\"auto, (max-width: 200px) 100vw, 200px\" \/><\/a>\n\t\t\t<\/div>\n\t\t\t\t<figcaption class='wp-caption-text gallery-caption' id='gallery-1-888'>\n\t\t\t\tArgamassa Expansiva \u00ae\n\t\t\t\t<\/figcaption><\/figure><figure class='gallery-item'>\n\t\t\t<div class='gallery-icon landscape'>\n\t\t\t\t<a href='https:\/\/impertix.com.br\/impermeabilizacao\/outros-produtos\/argamassas-estruturais-e-grouts\/argapol-fp\/'><img loading=\"lazy\" decoding=\"async\" width=\"200\" height=\"200\" src=\"https:\/\/impertix.com.br\/impermeabilizacao\/wp-content\/uploads\/2020\/03\/argapol-fp-200x200.jpg\" class=\"attachment-thumbnail size-thumbnail\" alt=\"Argapol FP \u00ae\" aria-describedby=\"gallery-1-889\" srcset=\"https:\/\/impertix.com.br\/impermeabilizacao\/wp-content\/uploads\/2020\/03\/argapol-fp-200x200.jpg 200w, https:\/\/impertix.com.br\/impermeabilizacao\/wp-content\/uploads\/2020\/03\/argapol-fp-400x400.jpg 400w, https:\/\/impertix.com.br\/impermeabilizacao\/wp-content\/uploads\/2020\/03\/argapol-fp.jpg 600w\" sizes=\"auto, (max-width: 200px) 100vw, 200px\" \/><\/a>\n\t\t\t<\/div>\n\t\t\t\t<figcaption class='wp-caption-text gallery-caption' id='gallery-1-889'>\n\t\t\t\tArgapol FP \u00ae\n\n\t\t\t\t<\/figcaption><\/figure><figure class='gallery-item'>\n\t\t\t<div class='gallery-icon landscape'>\n\t\t\t\t<a href='https:\/\/impertix.com.br\/impermeabilizacao\/outros-produtos\/argamassas-estruturais-e-grouts\/flowcretplus\/'><img loading=\"lazy\" decoding=\"async\" width=\"200\" height=\"200\" src=\"https:\/\/impertix.com.br\/impermeabilizacao\/wp-content\/uploads\/2020\/03\/flowcretplus-200x200.jpg\" class=\"attachment-thumbnail size-thumbnail\" alt=\"Flowcret Plus \u00ae\" aria-describedby=\"gallery-1-891\" srcset=\"https:\/\/impertix.com.br\/impermeabilizacao\/wp-content\/uploads\/2020\/03\/flowcretplus-200x200.jpg 200w, https:\/\/impertix.com.br\/impermeabilizacao\/wp-content\/uploads\/2020\/03\/flowcretplus-400x400.jpg 400w, https:\/\/impertix.com.br\/impermeabilizacao\/wp-content\/uploads\/2020\/03\/flowcretplus.jpg 600w\" sizes=\"auto, (max-width: 200px) 100vw, 200px\" \/><\/a>\n\t\t\t<\/div>\n\t\t\t\t<figcaption class='wp-caption-text gallery-caption' id='gallery-1-891'>\n\t\t\t\tFlowcret Plus \u00ae\n\n\t\t\t\t<\/figcaption><\/figure><figure class='gallery-item'>\n\t\t\t<div class='gallery-icon landscape'>\n\t\t\t\t<a href='https:\/\/impertix.com.br\/impermeabilizacao\/outros-produtos\/argamassas-estruturais-e-grouts\/flowcretfast\/'><img loading=\"lazy\" decoding=\"async\" width=\"200\" height=\"200\" src=\"https:\/\/impertix.com.br\/impermeabilizacao\/wp-content\/uploads\/2020\/03\/flowcretfast-200x200.jpg\" class=\"attachment-thumbnail size-thumbnail\" alt=\"Flowcret Fast \u00ae\" aria-describedby=\"gallery-1-892\" srcset=\"https:\/\/impertix.com.br\/impermeabilizacao\/wp-content\/uploads\/2020\/03\/flowcretfast-200x200.jpg 200w, https:\/\/impertix.com.br\/impermeabilizacao\/wp-content\/uploads\/2020\/03\/flowcretfast-400x400.jpg 400w, https:\/\/impertix.com.br\/impermeabilizacao\/wp-content\/uploads\/2020\/03\/flowcretfast.jpg 600w\" sizes=\"auto, (max-width: 200px) 100vw, 200px\" \/><\/a>\n\t\t\t<\/div>\n\t\t\t\t<figcaption class='wp-caption-text gallery-caption' id='gallery-1-892'>\n\t\t\t\tFlowcret Fast \u00ae\n\n\t\t\t\t<\/figcaption><\/figure>\n\t\t<\/div>\n\n<hr \/>\n<p>Caso n\u00e3o tenha encontrado aqui um produto, <a href=\"http:\/\/impertix.com.br\/impermeabilizacao\/orcamentos\/\"><strong>consulte nossa equipe de vendas<\/strong><\/a> para localizar o produto que voc\u00ea busca em nosso estoque e junto aos nossos fornecedores.<\/p>\n<hr \/>\n<p><a href=\"http:\/\/impertix.com.br\/impermeabilizacao\/orcamentos\/\"><strong>Entregamos em todo o Brasil com log\u00edstica \u00e1gil e o menor pre\u00e7o! Clique e solicite seu or\u00e7amento!<\/strong><\/a><\/p>\n<hr \/>\n<div class=\"su-spoiler su-spoiler-style-fancy su-spoiler-icon-arrow su-spoiler-closed\" data-scroll-offset=\"0\" data-anchor-in-url=\"no\"><div class=\"su-spoiler-title\" tabindex=\"0\" role=\"button\"><span class=\"su-spoiler-icon\"><\/span>Saiba mais sobre a ImperTix do Brasil:<\/div><div class=\"su-spoiler-content su-u-clearfix su-u-trim\">\n<p>A <a href=\"http:\/\/impertix.com.br\/impermeabilizacao\/sobre-nos\/\"><strong>ImperTix do Brasil<\/strong><\/a> \u00e9 uma empresa especializada na venda de produtos t\u00e9cnicos para constru\u00e7\u00e3o, com uma sele\u00e7\u00e3o dos melhores <a href=\"http:\/\/impertix.com.br\/impermeabilizacao\/impermeabilizantes\/\">Impermeabilizantes<\/a> do mercado, alem de <strong><a href=\"http:\/\/impertix.com.br\/impermeabilizacao\/outros-produtos\/aditivos-para-argamassas-e-concreto\/\">Aditivos para Argamassas e Concreto<\/a><\/strong>, <strong><a href=\"http:\/\/impertix.com.br\/impermeabilizacao\/outros-produtos\/argamassas-estruturais-e-grouts\/\">Argamassas e Grouts<\/a><\/strong>, <strong><a href=\"http:\/\/impertix.com.br\/impermeabilizacao\/outros-produtos\/aditivos-para-argamassas-e-concreto\/\">Adesivos e selantes<\/a><\/strong>, <strong><a href=\"http:\/\/impertix.com.br\/impermeabilizacao\/outros-produtos\/mantas-asfalticas-e-emulsoes\/\">Mantas Asf\u00e1lticas e Emuls\u00f5es<\/a><\/strong>, bem como <strong><a href=\"http:\/\/impertix.com.br\/impermeabilizacao\/outros-produtos\/isolantes-termicos\/\">Isolantes T\u00e9rmicos<\/a><\/strong>, <a href=\"http:\/\/impertix.com.br\/impermeabilizacao\/outros-produtos\/resinas-acrilicas\/\"><strong>Resinas<\/strong> <strong>Acr\u00edlicas<\/strong><\/a>, <strong><a href=\"http:\/\/impertix.com.br\/impermeabilizacao\/outros-produtos\/desmoldantes\/\">Desmoldantes<\/a><\/strong>, <strong><a href=\"http:\/\/impertix.com.br\/impermeabilizacao\/outros-produtos\/fibras-para-concreto\/\">Fibras para Concreto<\/a><\/strong> al\u00e9m de <strong><a href=\"http:\/\/impertix.com.br\/impermeabilizacao\/outros-produtos\/protecao-contra-corrosoes\/\">Produtos para Prote\u00e7\u00e3o Contra Corros\u00f5es<\/a><\/strong>.<\/p>\n<p>A empresa se destaca ainda pelo diferencial de <a href=\"http:\/\/impertix.com.br\/impermeabilizacao\/consultoria-tecnica-qualificada\/\">Assessoria T\u00e9cnica<\/a> treinada e com grande conhecimento de todo o cat\u00e1logo, fornecendo consultoria sobre a melhor solu\u00e7\u00e3o aplicada aos mais diferentes problemas construtivos. Com amplo estoque, que permite pronta entrega, e localiza\u00e7\u00e3o estrat\u00e9gica, a <a href=\"http:\/\/impertix.com.br\/impermeabilizacao\/sobre-nos\/\"><strong>ImperTix do Brasil<\/strong><\/a>\u00a0atende clientes em todo Brasil com muita agilidade, al\u00e9m de manter log\u00edstica pr\u00f3pria para entregas, especialmente nas cidades de\u00a0<strong>Londrina, Maring\u00e1,\u00a0Arapongas, Apucarana<\/strong> e demais cidades do <strong>Norte do Paran\u00e1<\/strong>.<\/p>\n<p>Nosso portf\u00f3lio \u00e9 composto por produtos Impermeabilizantes e um mix de Produtos T\u00e9cnicos para a constru\u00e7\u00e3o selecionados por nossos engenheiros, visando fornecer solu\u00e7\u00f5es definitivas em impermeabiliza\u00e7\u00f5es e reparos estruturais, atendendo a condom\u00ednios, construtoras, pr\u00e9dios ind\u00fastrias e comerciais e residenciais, sempre com solu\u00e7\u00f5es personalizadas e consultoria t\u00e9cnica treinada com conhecimento de produtos diversos, adquiridos dos maiores fornecedores do setor, como <a href=\"http:\/\/impertix.com.br\/impermeabilizacao\/parcerias\/\"><strong>Sika<\/strong><\/a>, <strong><a href=\"http:\/\/impertix.com.br\/impermeabilizacao\/parcerias\/\">Viapol<\/a><\/strong>, <strong><a href=\"http:\/\/impertix.com.br\/impermeabilizacao\/parcerias\/\">Denver<\/a><\/strong>, <strong><a href=\"http:\/\/impertix.com.br\/impermeabilizacao\/parcerias\/\">Penetron<\/a><\/strong>, <strong><a href=\"http:\/\/impertix.com.br\/impermeabilizacao\/parcerias\/\">Weber<\/a> <a href=\"http:\/\/impertix.com.br\/impermeabilizacao\/parcerias\/\">Quartzolit<\/a><\/strong>, <strong><a href=\"http:\/\/impertix.com.br\/impermeabilizacao\/parcerias\/\">Vedacit<\/a><\/strong>, <strong><a href=\"http:\/\/impertix.com.br\/impermeabilizacao\/parcerias\/\">Maxton, <\/a><a href=\"http:\/\/impertix.com.br\/impermeabilizacao\/parcerias\/\">Policryl<\/a>, <a href=\"http:\/\/impertix.com.br\/impermeabilizacao\/parcerias\/\">Resimat<\/a><\/strong>, <strong><a href=\"http:\/\/impertix.com.br\/impermeabilizacao\/parcerias\/\">Procryl<\/a><\/strong> e <strong><a href=\"http:\/\/impertix.com.br\/impermeabilizacao\/parcerias\/\">Telatex<\/a><\/strong>, dentre outras ind\u00fastrias expressivas de impermeabilizantes e produtos para constru\u00e7\u00e3o!<\/p>\n<\/div><\/div>\n<hr \/>\n<div id=\"su_slider_69f51817d54e2\" class=\"su-slider su-slider-centered su-slider-pages-no su-slider-responsive-yes su-lightbox-gallery\" style=\"width:100%\" data-autoplay=\"3000\" data-speed=\"600\" data-mousewheel=\"true\"><div class=\"su-slider-slides\"><div class=\"su-slider-slide\"><a href=\"https:\/\/impertix.com.br\/impermeabilizacao\/wp-content\/uploads\/2020\/03\/impertix011.jpg\"  title=\"impertix011\" data-rel=\"lightbox-gallery-J6sRTrRz\" data-rl_title=\"impertix011\" data-rl_caption=\"impertix011\"><img decoding=\"async\" src=\"https:\/\/impertix.com.br\/impermeabilizacao\/wp-content\/uploads\/2020\/03\/impertix011-600x88.jpg\" alt=\"impertix011\" \/><\/a><\/div><div class=\"su-slider-slide\"><a href=\"https:\/\/impertix.com.br\/impermeabilizacao\/wp-content\/uploads\/2020\/03\/impertix04.jpg\"  title=\"impertix04\" data-rel=\"lightbox-gallery-J6sRTrRz\" data-rl_title=\"impertix04\" data-rl_caption=\"impertix04\"><img decoding=\"async\" src=\"https:\/\/impertix.com.br\/impermeabilizacao\/wp-content\/uploads\/2020\/03\/impertix04-600x88.jpg\" alt=\"impertix04\" \/><\/a><\/div><div class=\"su-slider-slide\"><a href=\"https:\/\/impertix.com.br\/impermeabilizacao\/wp-content\/uploads\/2020\/03\/impertix03.jpg\"  title=\"impertix03\" data-rel=\"lightbox-gallery-J6sRTrRz\" data-rl_title=\"impertix03\" data-rl_caption=\"impertix03\"><img decoding=\"async\" src=\"https:\/\/impertix.com.br\/impermeabilizacao\/wp-content\/uploads\/2020\/03\/impertix03-600x88.jpg\" alt=\"impertix03\" \/><\/a><\/div><div class=\"su-slider-slide\"><a href=\"https:\/\/impertix.com.br\/impermeabilizacao\/wp-content\/uploads\/2020\/03\/impertix02.jpg\"  title=\"impertix02\" data-rel=\"lightbox-gallery-J6sRTrRz\" data-rl_title=\"impertix02\" data-rl_caption=\"impertix02\"><img decoding=\"async\" src=\"https:\/\/impertix.com.br\/impermeabilizacao\/wp-content\/uploads\/2020\/03\/impertix02-600x88.jpg\" alt=\"impertix02\" \/><\/a><\/div><\/div><div class=\"su-slider-nav\"><div class=\"su-slider-pagination\"><\/div><\/div><\/div>\n","protected":false},"excerpt":{"rendered":"<p>Argamassas e Groutes de alta qualidade \u00e9 na ImperTix!\u00a0 Clique nas fotos para ampliar e ver detalhes sobre Argamassas e Groutes + vendidos: Caso n\u00e3o tenha encontrado aqui um produto, consulte nossa equipe de vendas para localizar o produto que voc\u00ea busca em nosso estoque e junto aos nossos fornecedores. Entregamos em todo o Brasil [&hellip;]<\/p>\n","protected":false},"author":1,"featured_media":0,"parent":30,"menu_order":0,"comment_status":"closed","ping_status":"closed","template":"","meta":{"om_disable_all_campaigns":false,"_monsterinsights_skip_tracking":false,"_monsterinsights_sitenote_active":false,"_monsterinsights_sitenote_note":"","_monsterinsights_sitenote_category":0,"footnotes":"","_links_to":"","_links_to_target":""},"class_list":["post-143","page","type-page","status-publish","hentry"],"aioseo_notices":[],"_links":{"self":[{"href":"https:\/\/impertix.com.br\/impermeabilizacao\/wp-json\/wp\/v2\/pages\/143","targetHints":{"allow":["GET"]}}],"collection":[{"href":"https:\/\/impertix.com.br\/impermeabilizacao\/wp-json\/wp\/v2\/pages"}],"about":[{"href":"https:\/\/impertix.com.br\/impermeabilizacao\/wp-json\/wp\/v2\/types\/page"}],"author":[{"embeddable":true,"href":"https:\/\/impertix.com.br\/impermeabilizacao\/wp-json\/wp\/v2\/users\/1"}],"replies":[{"embeddable":true,"href":"https:\/\/impertix.com.br\/impermeabilizacao\/wp-json\/wp\/v2\/comments?post=143"}],"version-history":[{"count":24,"href":"https:\/\/impertix.com.br\/impermeabilizacao\/wp-json\/wp\/v2\/pages\/143\/revisions"}],"predecessor-version":[{"id":987,"href":"https:\/\/impertix.com.br\/impermeabilizacao\/wp-json\/wp\/v2\/pages\/143\/revisions\/987"}],"up":[{"embeddable":true,"href":"https:\/\/impertix.com.br\/impermeabilizacao\/wp-json\/wp\/v2\/pages\/30"}],"wp:attachment":[{"href":"https:\/\/impertix.com.br\/impermeabilizacao\/wp-json\/wp\/v2\/media?parent=143"}],"curies":[{"name":"wp","href":"https:\/\/api.w.org\/{rel}","templated":true}]}}