{"id":1076,"date":"2021-12-18T13:04:45","date_gmt":"2021-12-18T13:04:45","guid":{"rendered":"https:\/\/impertix.com.br\/impermeabilizacao\/?page_id=1076"},"modified":"2021-12-18T13:04:45","modified_gmt":"2021-12-18T13:04:45","slug":"novidades","status":"publish","type":"page","link":"https:\/\/impertix.com.br\/impermeabilizacao\/novidades\/","title":{"rendered":"Novidades"},"content":{"rendered":"<p>Conhe\u00e7a nosso Instagram e veja lan\u00e7amentos e solu\u00e7\u00f5es em obras com os produtos <strong>IMPERTIX DO BRASIL<\/strong><\/p>\n\t\t<div id=\"instagram-gallery-feed-4\" class=\"instagram-gallery-feed\" data-feed=\"{&quot;id&quot;:4,&quot;account_id&quot;:&quot;17841444970667114&quot;,&quot;source&quot;:&quot;username&quot;,&quot;tag&quot;:&quot;wordpress&quot;,&quot;order_by&quot;:&quot;top_media&quot;,&quot;layout&quot;:&quot;gallery&quot;,&quot;limit&quot;:50,&quot;columns&quot;:3,&quot;lazy&quot;:false,&quot;spacing&quot;:10,&quot;highlight&quot;:{&quot;tag&quot;:&quot;&quot;,&quot;id&quot;:&quot;&quot;,&quot;position&quot;:&quot;1,3,5&quot;},&quot;reel&quot;:{&quot;hide&quot;:false},&quot;copyright&quot;:{&quot;hide&quot;:false,&quot;placeholder&quot;:&quot;&quot;},&quot;profile&quot;:{&quot;display&quot;:false,&quot;auto&quot;:false,&quot;username&quot;:&quot;&quot;,&quot;nickname&quot;:&quot;&quot;,&quot;website&quot;:&quot;&quot;,&quot;biography&quot;:&quot;&quot;,&quot;link_text&quot;:&quot;Follow&quot;,&quot;website_text&quot;:&quot;Website&quot;,&quot;avatar&quot;:&quot;&quot;},&quot;box&quot;:{&quot;display&quot;:false,&quot;padding&quot;:1,&quot;radius&quot;:0,&quot;background&quot;:&quot;#fefefe&quot;,&quot;profile&quot;:false,&quot;desc&quot;:&quot;&quot;,&quot;text_color&quot;:&quot;#000000&quot;},&quot;mask&quot;:{&quot;display&quot;:true,&quot;background&quot;:&quot;#000000&quot;,&quot;likes_count&quot;:true,&quot;comments_count&quot;:true},&quot;card&quot;:{&quot;display&quot;:false,&quot;radius&quot;:1,&quot;font_size&quot;:12,&quot;background&quot;:&quot;#ffffff&quot;,&quot;background_hover&quot;:&quot;#ffffff&quot;,&quot;text_color&quot;:&quot;#000000&quot;,&quot;padding&quot;:5,&quot;likes_count&quot;:true,&quot;text_length&quot;:10,&quot;comments_count&quot;:true,&quot;text_align&quot;:&quot;left&quot;},&quot;carousel&quot;:{&quot;slidespv&quot;:5,&quot;centered_slides&quot;:false,&quot;autoplay&quot;:false,&quot;autoplay_interval&quot;:3000,&quot;navarrows&quot;:true,&quot;navarrows_color&quot;:&quot;&quot;,&quot;pagination&quot;:true,&quot;pagination_color&quot;:&quot;&quot;},&quot;modal&quot;:{&quot;display&quot;:true,&quot;profile&quot;:false,&quot;media_description&quot;:true,&quot;likes_count&quot;:true,&quot;comments_count&quot;:true,&quot;text_align&quot;:&quot;left&quot;,&quot;modal_align&quot;:&quot;right&quot;,&quot;text_length&quot;:10000,&quot;font_size&quot;:12},&quot;button&quot;:{&quot;display&quot;:true,&quot;text&quot;:&quot;View on Instagram&quot;,&quot;text_color&quot;:&quot;#ffff&quot;,&quot;background&quot;:&quot;&quot;,&quot;background_hover&quot;:&quot;&quot;},&quot;button_load&quot;:{&quot;display&quot;:false,&quot;text&quot;:&quot;Load more...&quot;,&quot;text_color&quot;:&quot;#ffff&quot;,&quot;background&quot;:&quot;&quot;,&quot;background_hover&quot;:&quot;&quot;}}\">\n\t\t<!-- <FeedContainer\/> -->\n\t\t<\/div>\n\t\t\n","protected":false},"excerpt":{"rendered":"<p>Conhe\u00e7a nosso Instagram e veja lan\u00e7amentos e solu\u00e7\u00f5es em obras com os produtos IMPERTIX DO BRASIL<\/p>\n","protected":false},"author":1,"featured_media":0,"parent":0,"menu_order":0,"comment_status":"closed","ping_status":"closed","template":"","meta":{"om_disable_all_campaigns":false,"_monsterinsights_skip_tracking":false,"_monsterinsights_sitenote_active":false,"_monsterinsights_sitenote_note":"","_monsterinsights_sitenote_category":0,"footnotes":"","_links_to":"","_links_to_target":""},"class_list":["post-1076","page","type-page","status-publish","hentry"],"aioseo_notices":[],"_links":{"self":[{"href":"https:\/\/impertix.com.br\/impermeabilizacao\/wp-json\/wp\/v2\/pages\/1076","targetHints":{"allow":["GET"]}}],"collection":[{"href":"https:\/\/impertix.com.br\/impermeabilizacao\/wp-json\/wp\/v2\/pages"}],"about":[{"href":"https:\/\/impertix.com.br\/impermeabilizacao\/wp-json\/wp\/v2\/types\/page"}],"author":[{"embeddable":true,"href":"https:\/\/impertix.com.br\/impermeabilizacao\/wp-json\/wp\/v2\/users\/1"}],"replies":[{"embeddable":true,"href":"https:\/\/impertix.com.br\/impermeabilizacao\/wp-json\/wp\/v2\/comments?post=1076"}],"version-history":[{"count":1,"href":"https:\/\/impertix.com.br\/impermeabilizacao\/wp-json\/wp\/v2\/pages\/1076\/revisions"}],"predecessor-version":[{"id":1077,"href":"https:\/\/impertix.com.br\/impermeabilizacao\/wp-json\/wp\/v2\/pages\/1076\/revisions\/1077"}],"wp:attachment":[{"href":"https:\/\/impertix.com.br\/impermeabilizacao\/wp-json\/wp\/v2\/media?parent=1076"}],"curies":[{"name":"wp","href":"https:\/\/api.w.org\/{rel}","templated":true}]}}